{"id":1836,"date":"2024-02-01T17:37:35","date_gmt":"2024-02-01T15:37:35","guid":{"rendered":"http:\/\/lacasucadelgorbea.com\/?page_id=1836"},"modified":"2024-02-21T14:47:20","modified_gmt":"2024-02-21T12:47:20","slug":"politica-de-privacidad","status":"publish","type":"page","link":"http:\/\/lacasucadelgorbea.com\/en\/politica-de-privacidad\/","title":{"rendered":"Privacy policy"},"content":{"rendered":"<p>[et_pb_section fb_built=\u00bb1&#8243; admin_label=\u00bbAbout\u00bb _builder_version=\u00bb4.22.1&#8243; background_color=\u00bb#f3f3f1&#8243; background_image=\u00bbhttp:\/\/lacasucadelgorbea.com\/wp-content\/uploads\/2024\/01\/spice-shop-53.png\u00bb background_size=\u00bbinitial\u00bb custom_margin=\u00bb||||false|false\u00bb custom_padding=\u00bb10vw||||false|false\u00bb locked=\u00bboff\u00bb global_colors_info=\u00bb{}\u00bb][et_pb_row _builder_version=\u00bb4.16&#8243; locked=\u00bboff\u00bb global_colors_info=\u00bb{}\u00bb][et_pb_column type=\u00bb4_4&#8243; _builder_version=\u00bb4.16&#8243; global_colors_info=\u00bb{}\u00bb][et_pb_text _builder_version=\u00bb4.22.1&#8243; text_font_size=\u00bb16px\u00bb text_line_height=\u00bb2.2em\u00bb header_2_font=\u00bbMontserrat|800|||||||\u00bb header_2_text_color=\u00bb#000000&#8243; header_2_font_size=\u00bb50px\u00bb header_2_line_height=\u00bb1.2em\u00bb z_index=\u00bb2&#8243; text_orientation=\u00bbcenter\u00bb max_width=\u00bb700px\u00bb module_alignment=\u00bbcenter\u00bb text_font_size_tablet=\u00bb14px\u00bb text_font_size_phone=\u00bb\u00bb text_font_size_last_edited=\u00bbon|phone\u00bb header_2_font_size_tablet=\u00bb35px\u00bb header_2_font_size_phone=\u00bb25px\u00bb header_2_font_size_last_edited=\u00bbon|phone\u00bb global_colors_info=\u00bb{}\u00bb]<\/p>\n<h2 style=\"text-align: center;\">Pol\u00edtica de Privacidad<\/h2>\n<p style=\"text-align: justify;\"><span style=\"color: #46788a;\">\u00a0<\/span><\/p>\n<h4 style=\"text-align: justify;\"><span>Informaci\u00f3n en cumplimiento de la normativa de protecci\u00f3n de datos personales.<\/span><\/h4>\n<p style=\"text-align: justify;\"><span><\/span><\/p>\n<p style=\"text-align: justify;\">En Europa y en Espa\u00f1a existen normas de protecci\u00f3n de datos pensadas para proteger su informaci\u00f3n personal de obligado cumplimiento para nuestra entidad.<\/p>\n<p style=\"text-align: justify;\">Por ello, es muy importante para nosotros que entienda perfectamente qu\u00e9 vamos a hacer con los datos personales que le pedimos.<\/p>\n<p style=\"text-align: justify;\">As\u00ed, seremos transparentes y le daremos el control de sus datos, con un lenguaje sencillo y opciones claras que le permitir\u00e1n decidir qu\u00e9 haremos con su informaci\u00f3n personal.<\/p>\n<p style=\"text-align: justify;\">Por favor, si una vez le\u00edda la presente informaci\u00f3n le queda alguna duda, no dude en preguntarnos.<\/p>\n<p style=\"text-align: justify;\">Muchas gracias por su colaboraci\u00f3n.<\/p>\n<p style=\"text-align: justify;\"><span style=\"color: #46788a;\"><strong>\u00bfQui\u00e9nes somos?<\/strong><\/span><\/p>\n<ul style=\"text-align: justify;\">\n<li>Nuestra denominaci\u00f3n: Gorbea Teller\u00eda, S.L.<\/li>\n<li>Nuestra direcci\u00f3n: C. San Jos\u00e9, 21, bajo, 39300 Torrelavega, Cantabria.<\/li>\n<li>Nuestra direcci\u00f3n de correo electr\u00f3nico de contacto: contacto@lacasucadelgorbea.com<\/li>\n<\/ul>\n<p style=\"text-align: justify;\">Estamos a su disposici\u00f3n, no dude en contactar con nosotros.<\/p>\n<p style=\"text-align: justify;\"><span style=\"color: #46788a;\"><strong>\u00bfPara qu\u00e9 vamos a usar sus datos?<\/strong><\/span><\/p>\n<p style=\"text-align: justify;\">Con car\u00e1cter general, sus datos personales ser\u00e1n usados para poder relacionarnos con usted y poder prestarle nuestros servicios.<\/p>\n<p style=\"text-align: justify;\">Asimismo, tambi\u00e9n pueden ser usados para otras actividades, como enviarle publicidad o promocionar nuestras actividades.<\/p>\n<p style=\"text-align: justify;\"><span style=\"color: #46788a;\"><strong style=\"font-size: 16px;\">\u00bfPor qu\u00e9 necesitamos usar sus datos?<\/strong><\/span><\/p>\n<p style=\"text-align: justify;\">Sus datos personales son necesarios para poder relacionarnos con usted y poder prestarle nuestros servicios. En este sentido, pondremos a su disposici\u00f3n una serie de casillas que le permitir\u00e1n decidir de manera clara y sencilla sobre el uso de su informaci\u00f3n personal.<\/p>\n<p style=\"text-align: justify;\"><span style=\"color: #46788a;\"><strong style=\"font-size: 16px;\">\u00bfQui\u00e9n va a conocer la informaci\u00f3n que le pedimos?<\/strong><\/span><\/p>\n<p style=\"text-align: justify;\">Con car\u00e1cter general, s\u00f3lo el personal de nuestra entidad que est\u00e9 debidamente autorizado podr\u00e1 tener conocimiento de la informaci\u00f3n que le pedimos.<\/p>\n<p style=\"text-align: justify;\">De igual modo, podr\u00e1n tener conocimiento de su informaci\u00f3n personal aquellas entidades que necesiten tener acceso a la misma para que podamos prestarle nuestros servicios. As\u00ed por ejemplo, nuestro banco conocer\u00e1 sus datos si el pago de nuestros servicios se realiza mediante tarjeta o transferencia bancaria.<\/p>\n<p style=\"text-align: justify;\">Asimismo, tendr\u00e1n conocimiento de su informaci\u00f3n aquellas entidades p\u00fablicas o privadas a las cuales estemos obligados a facilitar sus datos personales con motivo del cumplimiento de alguna ley. Poni\u00e9ndole un ejemplo, la Ley Tributaria obliga a facilitar a la Agencia Tributaria determinada informaci\u00f3n sobre operaciones econ\u00f3micas que superen una determinada cantidad.<\/p>\n<p style=\"text-align: justify;\">En el caso de que, al margen de los supuestos comentados, necesitemos dar a conocer su informaci\u00f3n personal a otras entidades, le solicitaremos previamente su permiso a trav\u00e9s de opciones claras que le permitir\u00e1n decidir a este respecto.<\/p>\n<p style=\"text-align: justify;\"><span style=\"color: #46788a;\"><strong style=\"font-size: 16px;\">\u00bfC\u00f3mo vamos a proteger sus datos?<\/strong><\/span><\/p>\n<p style=\"text-align: justify;\">Protegeremos sus datos con medidas de seguridad eficaces en funci\u00f3n de los riesgos que conlleve el uso de su informaci\u00f3n.<\/p>\n<p style=\"text-align: justify;\">Para ello, nuestra entidad ha aprobado una Pol\u00edtica de Protecci\u00f3n de Datos y se realizan controles y auditor\u00edas anuales para verificar que sus datos personales est\u00e1n seguros en todo momento.<\/p>\n<p style=\"text-align: justify;\"><span style=\"color: #46788a;\"><strong style=\"font-size: 16px;\">\u00bfEnviaremos sus datos a otros pa\u00edses?<\/strong><\/span><\/p>\n<p style=\"text-align: justify;\">En el mundo hay pa\u00edses que son seguros para sus datos y otros que no lo son tanto. As\u00ed por ejemplo, la Uni\u00f3n Europea es un entorno seguro para sus datos. Nuestra pol\u00edtica es no enviar su informaci\u00f3n personal a ning\u00fan pa\u00eds que no sea seguro desde el punto de vista de la protecci\u00f3n de sus datos.<\/p>\n<p style=\"text-align: justify;\"><span style=\"font-size: 16px;\">En el caso de que, con motivo de prestarle el servicio, sea imprescindible enviar sus datos a un pa\u00eds que no sea tan seguro como Espa\u00f1a, siempre le solicitaremos previamente su permiso y aplicaremos medidas de seguridad eficaces que reduzcan los riesgos del env\u00edo de su informaci\u00f3n personal a otro pa\u00eds.<\/span><\/p>\n<p style=\"text-align: justify;\"><span style=\"color: #46788a;\"><strong style=\"font-size: 16px;\">\u00bfDurante cu\u00e1nto tiempo vamos a conservar sus datos?<\/strong><\/span><\/p>\n<p style=\"text-align: justify;\">Conservaremos sus datos durante nuestra relaci\u00f3n y mientras nos obliguen las leyes. Una vez finalizados los plazos legales aplicables, procederemos a eliminarlos de forma segura y respetuosa con el medio ambiente.<\/p>\n<p style=\"text-align: justify;\"><span style=\"color: #46788a;\"><strong style=\"font-size: 16px;\">\u00bfCu\u00e1les son sus derechos de protecci\u00f3n de datos?<\/strong><\/span><\/p>\n<p style=\"text-align: justify;\">En cualquier momento puede dirigirse a nosotros para saber qu\u00e9 informaci\u00f3n tenemos sobre usted, rectificarla si fuese incorrecta y eliminarla una vez finalizada nuestra relaci\u00f3n, en el caso de que ello sea legalmente posible.<\/p>\n<p style=\"text-align: justify;\">Tambi\u00e9n tiene derecho a solicitar el traspaso de su informaci\u00f3n a otra entidad. Este derecho se llama \u201cportabilidad\u201d y puede ser \u00fatil en determinadas situaciones.<\/p>\n<p style=\"text-align: justify;\">Para solicitar alguno de estos derechos, deber\u00e1 realizar una solicitud escrita a nuestra direcci\u00f3n, junto con una fotocopia de su DNI, para poder identificarle.<\/p>\n<p style=\"text-align: justify;\">En las oficinas de nuestra entidad disponemos de formularios espec\u00edficos para solicitar dichos derechos y le ofrecemos nuestra ayuda para su cumplimentaci\u00f3n.<\/p>\n<p style=\"text-align: justify;\">Para saber m\u00e1s sobre sus derechos de protecci\u00f3n de datos, puede consultar la p\u00e1gina web de la Agencia Espa\u00f1ola de Protecci\u00f3n de Datos (www.agpd.es).<\/p>\n<p style=\"text-align: justify;\"><span style=\"color: #46788a;\"><strong style=\"font-size: 16px;\">\u00bfPuede retirar su consentimiento si cambia de opini\u00f3n en un momento posterior?<\/strong><\/span><\/p>\n<p style=\"text-align: justify;\">Usted puede retirar su consentimiento si cambia de opini\u00f3n sobre el uso de sus datos en cualquier momento.<\/p>\n<p style=\"text-align: justify;\">As\u00ed por ejemplo, si usted en su d\u00eda estuvo interesado\/a en recibir publicidad de nuestros productos o servicios, pero ya no desea recibir m\u00e1s publicidad, puede hac\u00e9rnoslo constar a trav\u00e9s del formulario de oposici\u00f3n al tratamiento disponible en las oficinas de nuestra entidad.<\/p>\n<p style=\"text-align: justify;\"><span style=\"color: #46788a;\"><strong style=\"font-size: 16px;\">En caso de que entienda que sus derechos han sido desatendidos, \u00bfd\u00f3nde puede formular una reclamaci\u00f3n?<\/strong><\/span><\/p>\n<p style=\"text-align: justify;\">En caso de que entienda que sus derechos han sido desatendidos por nuestra entidad, puede formular una reclamaci\u00f3n en la Agencia Espa\u00f1ola de Protecci\u00f3n de Datos, a trav\u00e9s de alguno de los medios siguientes:<\/p>\n<ul style=\"text-align: justify;\">\n<ul>\n<ul>\n<li>Sede electr\u00f3nica: www.agpd.es<\/li>\n<li>Direcci\u00f3n postal:<\/li>\n<\/ul>\n<\/ul>\n<\/ul>\n<p style=\"text-align: justify;\">Agencia Espa\u00f1ola de Protecci\u00f3n de Datos<br \/>C\/ Jorge Juan, 6<br \/>28001-Madrid<br \/>V\u00eda telef\u00f3nica:<br \/>Telf. 901 100 099<br \/>Telf. 91 266 35 17<\/p>\n<p style=\"text-align: justify;\">Formular una reclamaci\u00f3n en la Agencia Espa\u00f1ola de Protecci\u00f3n de Datos no conlleva ning\u00fan coste y no es necesaria la asistencia de abogado ni procurador.<\/p>\n<p style=\"text-align: justify;\"><span style=\"color: #46788a;\"><strong style=\"font-size: 16px;\">\u00bfElaboraremos perfiles sobre usted?<\/strong><\/span><\/p>\n<p style=\"text-align: justify;\">Nuestra pol\u00edtica es no elaborar perfiles sobre los usuarios de nuestros servicios.<\/p>\n<p style=\"text-align: justify;\">No obstante, pueden existir situaciones en las que, con fines de prestaci\u00f3n del servicio, comerciales o de otro tipo, necesitemos elaborar perfiles de informaci\u00f3n sobre usted. Un ejemplo pudiera ser la utilizaci\u00f3n de su historial de compras o servicios para poder ofrecerle productos o servicios adaptados a sus gustos o necesidades.<\/p>\n<p style=\"text-align: justify;\">En tal caso, aplicaremos medidas de seguridad eficaces que protejan su informaci\u00f3n en todo momento de personas no autorizadas que pretendan utilizarla en su propio beneficio.<\/p>\n<p style=\"text-align: justify;\"><span style=\"color: #46788a;\"><strong style=\"font-size: 16px;\">\u00bfUsaremos sus datos para otros fines?<\/strong><\/span><\/p>\n<p style=\"text-align: justify;\">Nuestra pol\u00edtica es no usar sus datos para otras finalidades distintas a las que le hemos explicado. Si, no obstante, necesit\u00e1semos usar sus datos para actividades distintas, siempre le solicitaremos previamente su permiso a trav\u00e9s de opciones claras que le permitir\u00e1n decidir al respecto.<\/p>\n<p>[\/et_pb_text][\/et_pb_column][\/et_pb_row][\/et_pb_section][et_pb_section fb_built=\u00bb1&#8243; admin_label=\u00bbFooter\u00bb _builder_version=\u00bb4.22.1&#8243; background_color=\u00bb#f3f3f1&#8243; background_image=\u00bbhttp:\/\/lacasucadelgorbea.com\/wp-content\/uploads\/2024\/02\/pieWeb-2.png\u00bb locked=\u00bboff\u00bb global_colors_info=\u00bb{}\u00bb][et_pb_row column_structure=\u00bb1_2,1_2&#8243; module_id=\u00bb#contacto\u00bb _builder_version=\u00bb4.22.1&#8243; locked=\u00bboff\u00bb global_colors_info=\u00bb{}\u00bb][et_pb_column type=\u00bb1_2&#8243; _builder_version=\u00bb4.16&#8243; background_color=\u00bb#ffffff\u00bb custom_padding=\u00bb80px|60px|80px|60px|true|true\u00bb custom_padding_tablet=\u00bb50px|30px|50px|30px|true|true\u00bb custom_padding_phone=\u00bb30px|20px|30px|20px|true|true\u00bb custom_padding_last_edited=\u00bbon|tablet\u00bb global_colors_info=\u00bb{}\u00bb][et_pb_text _builder_version=\u00bb4.22.1&#8243; text_font=\u00bbMontserrat|800|||||||\u00bb text_font_size=\u00bb30px\u00bb text_line_height=\u00bb1.2em\u00bb link_text_color=\u00bb#000000&#8243; header_3_font=\u00bb|700||on|||||\u00bb header_3_text_color=\u00bb#fe1707&#8243; header_3_font_size=\u00bb16px\u00bb header_3_letter_spacing=\u00bb2px\u00bb header_3_line_height=\u00bb1.8em\u00bb custom_padding=\u00bb10px||10px||true|false\u00bb text_font_size_tablet=\u00bb22px\u00bb text_font_size_phone=\u00bb16px\u00bb text_font_size_last_edited=\u00bbon|desktop\u00bb header_3_font_size_tablet=\u00bb14px\u00bb header_3_font_size_phone=\u00bb12px\u00bb header_3_font_size_last_edited=\u00bbon|phone\u00bb locked=\u00bboff\u00bb global_colors_info=\u00bb{}\u00bb]<\/p>\n<h3><span style=\"color: #46788a;\">Address<\/span><\/h3>\n<p>C. San Jose, 21, under, 39300 Torrelavega<\/p>\n<p>[\/et_pb_text][et_pb_text _builder_version=\u00bb4.22.1&#8243; text_font=\u00bbMontserrat|800|||||||\u00bb text_font_size=\u00bb30px\u00bb text_line_height=\u00bb1.2em\u00bb link_text_color=\u00bb#000000&#8243; header_3_font=\u00bb|700||on|||||\u00bb header_3_text_color=\u00bb#fe1707&#8243; header_3_font_size=\u00bb16px\u00bb header_3_letter_spacing=\u00bb2px\u00bb header_3_line_height=\u00bb1.8em\u00bb custom_padding=\u00bb10px||10px||true|false\u00bb text_font_size_tablet=\u00bb22px\u00bb text_font_size_phone=\u00bb16px\u00bb text_font_size_last_edited=\u00bbon|desktop\u00bb header_3_font_size_tablet=\u00bb14px\u00bb header_3_font_size_phone=\u00bb12px\u00bb header_3_font_size_last_edited=\u00bbon|phone\u00bb locked=\u00bboff\u00bb global_colors_info=\u00bb{}\u00bb]<\/p>\n<h3><span style=\"color: #46788a;\">PHONE<\/span><\/h3>\n<p><a href=\"#\">942 80 40 83<\/a><\/p>\n<p>[\/et_pb_text][et_pb_button button_text=\u00bbRESERVAR MESA\u00bb _builder_version=\u00bb4.22.1&#8243; custom_button=\u00bbon\u00bb button_text_size=\u00bb25px\u00bb button_text_color=\u00bb#46788a\u00bb button_bg_color=\u00bbrgba(0,0,0,0)\u00bb button_border_width=\u00bb0px\u00bb button_border_radius=\u00bb0px\u00bb button_letter_spacing=\u00bb2px\u00bb button_font=\u00bb|700||on|||||\u00bb button_use_icon=\u00bboff\u00bb custom_margin_phone=\u00bb||60px||false|false\u00bb custom_margin_last_edited=\u00bboff|tablet\u00bb custom_padding=\u00bb18px|0px|18px|0px|true|true\u00bb custom_padding_tablet=\u00bb14px||14px||true|true\u00bb custom_padding_phone=\u00bb12px||12px||true|true\u00bb custom_padding_last_edited=\u00bbon|phone\u00bb button_text_size_tablet=\u00bb14px\u00bb button_text_size_phone=\u00bb12px\u00bb button_text_size_last_edited=\u00bbon|phone\u00bb box_shadow_style=\u00bbpreset4&#8243; box_shadow_horizontal=\u00bb0px\u00bb box_shadow_vertical=\u00bb2px\u00bb box_shadow_color=\u00bb#46788a\u00bb locked=\u00bboff\u00bb global_colors_info=\u00bb{}\u00bb button_text_color__hover_enabled=\u00bbon|desktop\u00bb button_text_color__hover=\u00bb#000000&#8243; box_shadow_color__hover_enabled=\u00bbon|desktop\u00bb box_shadow_color__hover=\u00bb#000000&#8243;][\/et_pb_button][\/et_pb_column][et_pb_column type=\u00bb1_2&#8243; _builder_version=\u00bb4.16&#8243; global_colors_info=\u00bb{}\u00bb][\/et_pb_column][\/et_pb_row][\/et_pb_section]<\/p>","protected":false},"excerpt":{"rendered":"<p>Pol\u00edtica de Privacidad \u00a0 Informaci\u00f3n en cumplimiento de la normativa de protecci\u00f3n de datos personales. En Europa y en Espa\u00f1a existen normas de protecci\u00f3n de datos pensadas para proteger su informaci\u00f3n personal de obligado cumplimiento para nuestra entidad. Por ello, es muy importante para nosotros que entienda perfectamente qu\u00e9 vamos a hacer con los datos [&hellip;]<\/p>","protected":false},"author":1,"featured_media":0,"parent":0,"menu_order":0,"comment_status":"closed","ping_status":"closed","template":"","meta":{"_et_pb_use_builder":"on","_et_pb_old_content":"","_et_gb_content_width":"","footnotes":""},"class_list":["post-1836","page","type-page","status-publish","hentry"],"yoast_head":"<!-- This site is optimized with the Yoast SEO plugin v22.3 - https:\/\/yoast.com\/wordpress\/plugins\/seo\/ -->\n<title>Pol\u00edtica de privacidad - La Casuca del Gorbea<\/title>\n<meta name=\"robots\" content=\"index, follow, max-snippet:-1, max-image-preview:large, max-video-preview:-1\" \/>\n<link rel=\"canonical\" href=\"http:\/\/lacasucadelgorbea.com\/en\/politica-de-privacidad\/\" \/>\n<meta property=\"og:locale\" content=\"en_GB\" \/>\n<meta property=\"og:type\" content=\"article\" \/>\n<meta property=\"og:title\" content=\"Pol\u00edtica de privacidad - La Casuca del Gorbea\" \/>\n<meta property=\"og:description\" content=\"Pol\u00edtica de Privacidad \u00a0 Informaci\u00f3n en cumplimiento de la normativa de protecci\u00f3n de datos personales. En Europa y en Espa\u00f1a existen normas de protecci\u00f3n de datos pensadas para proteger su informaci\u00f3n personal de obligado cumplimiento para nuestra entidad. Por ello, es muy importante para nosotros que entienda perfectamente qu\u00e9 vamos a hacer con los datos [&hellip;]\" \/>\n<meta property=\"og:url\" content=\"http:\/\/lacasucadelgorbea.com\/en\/politica-de-privacidad\/\" \/>\n<meta property=\"og:site_name\" content=\"La Casuca del Gorbea\" \/>\n<meta property=\"article:publisher\" content=\"https:\/\/www.facebook.com\/gorbearestaurantehoteleltejo\" \/>\n<meta property=\"article:modified_time\" content=\"2024-02-21T12:47:20+00:00\" \/>\n<meta name=\"twitter:card\" content=\"summary_large_image\" \/>\n<meta name=\"twitter:label1\" content=\"Estimated reading time\" \/>\n\t<meta name=\"twitter:data1\" content=\"9 minutes\" \/>\n<script type=\"application\/ld+json\" class=\"yoast-schema-graph\">{\"@context\":\"https:\/\/schema.org\",\"@graph\":[{\"@type\":\"WebPage\",\"@id\":\"http:\/\/lacasucadelgorbea.com\/politica-de-privacidad\/\",\"url\":\"http:\/\/lacasucadelgorbea.com\/politica-de-privacidad\/\",\"name\":\"Pol\u00edtica de privacidad - La Casuca del Gorbea\",\"isPartOf\":{\"@id\":\"https:\/\/lacasucadelgorbea.com\/#website\"},\"datePublished\":\"2024-02-01T15:37:35+00:00\",\"dateModified\":\"2024-02-21T12:47:20+00:00\",\"breadcrumb\":{\"@id\":\"http:\/\/lacasucadelgorbea.com\/politica-de-privacidad\/#breadcrumb\"},\"inLanguage\":\"en-GB\",\"potentialAction\":[{\"@type\":\"ReadAction\",\"target\":[\"http:\/\/lacasucadelgorbea.com\/politica-de-privacidad\/\"]}]},{\"@type\":\"BreadcrumbList\",\"@id\":\"http:\/\/lacasucadelgorbea.com\/politica-de-privacidad\/#breadcrumb\",\"itemListElement\":[{\"@type\":\"ListItem\",\"position\":1,\"name\":\"Portada\",\"item\":\"https:\/\/lacasucadelgorbea.com\/\"},{\"@type\":\"ListItem\",\"position\":2,\"name\":\"Pol\u00edtica de privacidad\"}]},{\"@type\":\"WebSite\",\"@id\":\"https:\/\/lacasucadelgorbea.com\/#website\",\"url\":\"https:\/\/lacasucadelgorbea.com\/\",\"name\":\"La Casuca del Gorbea\",\"description\":\"Restaurante en Torrelavega. Cocina de temporada. Especialidad en bacalao\",\"publisher\":{\"@id\":\"https:\/\/lacasucadelgorbea.com\/#organization\"},\"potentialAction\":[{\"@type\":\"SearchAction\",\"target\":{\"@type\":\"EntryPoint\",\"urlTemplate\":\"https:\/\/lacasucadelgorbea.com\/?s={search_term_string}\"},\"query-input\":\"required name=search_term_string\"}],\"inLanguage\":\"en-GB\"},{\"@type\":\"Organization\",\"@id\":\"https:\/\/lacasucadelgorbea.com\/#organization\",\"name\":\"La Casuca del Gorbea\",\"url\":\"https:\/\/lacasucadelgorbea.com\/\",\"logo\":{\"@type\":\"ImageObject\",\"inLanguage\":\"en-GB\",\"@id\":\"https:\/\/lacasucadelgorbea.com\/#\/schema\/logo\/image\/\",\"url\":\"http:\/\/lacasucadelgorbea.com\/wp-content\/uploads\/2024\/02\/cropped-Diseno-sin-titulo-4.png\",\"contentUrl\":\"http:\/\/lacasucadelgorbea.com\/wp-content\/uploads\/2024\/02\/cropped-Diseno-sin-titulo-4.png\",\"width\":512,\"height\":512,\"caption\":\"La Casuca del Gorbea\"},\"image\":{\"@id\":\"https:\/\/lacasucadelgorbea.com\/#\/schema\/logo\/image\/\"},\"sameAs\":[\"https:\/\/www.facebook.com\/gorbearestaurantehoteleltejo\",\"https:\/\/www.instagram.com\/lacasucadelgorbea\/\"]}]}<\/script>\n<!-- \/ Yoast SEO plugin. -->","yoast_head_json":{"title":"Pol\u00edtica de privacidad - La Casuca del Gorbea","robots":{"index":"index","follow":"follow","max-snippet":"max-snippet:-1","max-image-preview":"max-image-preview:large","max-video-preview":"max-video-preview:-1"},"canonical":"http:\/\/lacasucadelgorbea.com\/en\/politica-de-privacidad\/","og_locale":"en_GB","og_type":"article","og_title":"Pol\u00edtica de privacidad - La Casuca del Gorbea","og_description":"Pol\u00edtica de Privacidad \u00a0 Informaci\u00f3n en cumplimiento de la normativa de protecci\u00f3n de datos personales. En Europa y en Espa\u00f1a existen normas de protecci\u00f3n de datos pensadas para proteger su informaci\u00f3n personal de obligado cumplimiento para nuestra entidad. Por ello, es muy importante para nosotros que entienda perfectamente qu\u00e9 vamos a hacer con los datos [&hellip;]","og_url":"http:\/\/lacasucadelgorbea.com\/en\/politica-de-privacidad\/","og_site_name":"La Casuca del Gorbea","article_publisher":"https:\/\/www.facebook.com\/gorbearestaurantehoteleltejo","article_modified_time":"2024-02-21T12:47:20+00:00","twitter_card":"summary_large_image","twitter_misc":{"Estimated reading time":"9 minutes"},"schema":{"@context":"https:\/\/schema.org","@graph":[{"@type":"WebPage","@id":"http:\/\/lacasucadelgorbea.com\/politica-de-privacidad\/","url":"http:\/\/lacasucadelgorbea.com\/politica-de-privacidad\/","name":"Pol\u00edtica de privacidad - La Casuca del Gorbea","isPartOf":{"@id":"https:\/\/lacasucadelgorbea.com\/#website"},"datePublished":"2024-02-01T15:37:35+00:00","dateModified":"2024-02-21T12:47:20+00:00","breadcrumb":{"@id":"http:\/\/lacasucadelgorbea.com\/politica-de-privacidad\/#breadcrumb"},"inLanguage":"en-GB","potentialAction":[{"@type":"ReadAction","target":["http:\/\/lacasucadelgorbea.com\/politica-de-privacidad\/"]}]},{"@type":"BreadcrumbList","@id":"http:\/\/lacasucadelgorbea.com\/politica-de-privacidad\/#breadcrumb","itemListElement":[{"@type":"ListItem","position":1,"name":"Portada","item":"https:\/\/lacasucadelgorbea.com\/"},{"@type":"ListItem","position":2,"name":"Pol\u00edtica de privacidad"}]},{"@type":"WebSite","@id":"https:\/\/lacasucadelgorbea.com\/#website","url":"https:\/\/lacasucadelgorbea.com\/","name":"La Casuca del Gorbea","description":"Restaurante en Torrelavega. Cocina de temporada. Especialidad en bacalao","publisher":{"@id":"https:\/\/lacasucadelgorbea.com\/#organization"},"potentialAction":[{"@type":"SearchAction","target":{"@type":"EntryPoint","urlTemplate":"https:\/\/lacasucadelgorbea.com\/?s={search_term_string}"},"query-input":"required name=search_term_string"}],"inLanguage":"en-GB"},{"@type":"Organization","@id":"https:\/\/lacasucadelgorbea.com\/#organization","name":"La Casuca del Gorbea","url":"https:\/\/lacasucadelgorbea.com\/","logo":{"@type":"ImageObject","inLanguage":"en-GB","@id":"https:\/\/lacasucadelgorbea.com\/#\/schema\/logo\/image\/","url":"http:\/\/lacasucadelgorbea.com\/wp-content\/uploads\/2024\/02\/cropped-Diseno-sin-titulo-4.png","contentUrl":"http:\/\/lacasucadelgorbea.com\/wp-content\/uploads\/2024\/02\/cropped-Diseno-sin-titulo-4.png","width":512,"height":512,"caption":"La Casuca del Gorbea"},"image":{"@id":"https:\/\/lacasucadelgorbea.com\/#\/schema\/logo\/image\/"},"sameAs":["https:\/\/www.facebook.com\/gorbearestaurantehoteleltejo","https:\/\/www.instagram.com\/lacasucadelgorbea\/"]}]}},"_links":{"self":[{"href":"http:\/\/lacasucadelgorbea.com\/en\/wp-json\/wp\/v2\/pages\/1836","targetHints":{"allow":["GET"]}}],"collection":[{"href":"http:\/\/lacasucadelgorbea.com\/en\/wp-json\/wp\/v2\/pages"}],"about":[{"href":"http:\/\/lacasucadelgorbea.com\/en\/wp-json\/wp\/v2\/types\/page"}],"author":[{"embeddable":true,"href":"http:\/\/lacasucadelgorbea.com\/en\/wp-json\/wp\/v2\/users\/1"}],"replies":[{"embeddable":true,"href":"http:\/\/lacasucadelgorbea.com\/en\/wp-json\/wp\/v2\/comments?post=1836"}],"version-history":[{"count":5,"href":"http:\/\/lacasucadelgorbea.com\/en\/wp-json\/wp\/v2\/pages\/1836\/revisions"}],"predecessor-version":[{"id":2117,"href":"http:\/\/lacasucadelgorbea.com\/en\/wp-json\/wp\/v2\/pages\/1836\/revisions\/2117"}],"wp:attachment":[{"href":"http:\/\/lacasucadelgorbea.com\/en\/wp-json\/wp\/v2\/media?parent=1836"}],"curies":[{"name":"wp","href":"https:\/\/api.w.org\/{rel}","templated":true}]}}