{"id":1863,"date":"2024-02-01T18:30:09","date_gmt":"2024-02-01T16:30:09","guid":{"rendered":"http:\/\/lacasucadelgorbea.com\/?page_id=1863"},"modified":"2024-06-27T11:44:48","modified_gmt":"2024-06-27T09:44:48","slug":"contacto","status":"publish","type":"page","link":"https:\/\/lacasucadelgorbea.com\/en\/contacto\/","title":{"rendered":"Contact"},"content":{"rendered":"<p>[et_pb_section fb_built=\u00bb1&#8243; admin_label=\u00bbHeader\u00bb _builder_version=\u00bb4.22.1&#8243; background_color=\u00bb#f3f3f1&#8243; background_image=\u00bbhttp:\/\/lacasucadelgorbea.com\/wp-content\/uploads\/2024\/01\/Image_17-1.jpg\u00bb background_position=\u00bbbottom_center\u00bb custom_padding=\u00bb||10vw||false|false\u00bb global_colors_info=\u00bb{}\u00bb][et_pb_row column_structure=\u00bb1_2,1_2&#8243; _builder_version=\u00bb4.22.1&#8243; locked=\u00bboff\u00bb global_colors_info=\u00bb{}\u00bb][et_pb_column type=\u00bb1_2&#8243; _builder_version=\u00bb4.16&#8243; global_colors_info=\u00bb{}\u00bb][et_pb_text _builder_version=\u00bb4.22.1&#8243; text_text_color=\u00bb#FFFFFF\u00bb header_font=\u00bbMontserrat|800|||||||\u00bb header_text_color=\u00bb#000000&#8243; header_font_size=\u00bb100px\u00bb header_line_height=\u00bb1.2em\u00bb header_font_size_tablet=\u00bb40px\u00bb header_font_size_phone=\u00bb30px\u00bb header_font_size_last_edited=\u00bbon|phone\u00bb global_colors_info=\u00bb{}\u00bb]<\/p>\n<h1><span style=\"color: #ffffff;\">Contact<\/span><\/h1>\n<p>[\/et_pb_text][\/et_pb_column][et_pb_column type=\u00bb1_2&#8243; _builder_version=\u00bb4.22.1&#8243; background_color=\u00bb#46778a\u00bb custom_padding=\u00bb80px|60px|80px|60px|true|true\u00bb custom_padding_tablet=\u00bb50px|30px|50px|30px|true|true\u00bb custom_padding_phone=\u00bb30px|20px|30px|20px|true|true\u00bb custom_padding_last_edited=\u00bbon|tablet\u00bb global_colors_info=\u00bb{}\u00bb][et_pb_text _builder_version=\u00bb4.22.1&#8243; text_font=\u00bbMontserrat|800|||||||\u00bb text_font_size=\u00bb30px\u00bb text_line_height=\u00bb1.2em\u00bb link_text_color=\u00bb#ffffff\u00bb header_3_font=\u00bb|700||on|||||\u00bb header_3_font_size=\u00bb16px\u00bb header_3_letter_spacing=\u00bb2px\u00bb header_3_line_height=\u00bb1.8em\u00bb background_layout=\u00bbdark\u00bb custom_padding=\u00bb10px||10px||true|false\u00bb text_font_size_tablet=\u00bb22px\u00bb text_font_size_phone=\u00bb16px\u00bb text_font_size_last_edited=\u00bbon|desktop\u00bb header_3_font_size_tablet=\u00bb14px\u00bb header_3_font_size_phone=\u00bb12px\u00bb header_3_font_size_last_edited=\u00bbon|phone\u00bb locked=\u00bboff\u00bb global_colors_info=\u00bb{}\u00bb]<\/p>\n<h3>Mail<\/h3>\n<p><a href=\"#\">administracion@lacasucadelgorbea.com<\/a><\/p>\n<p>[\/et_pb_text][et_pb_text _builder_version=\u00bb4.22.1&#8243; text_font=\u00bbMontserrat|800|||||||\u00bb text_font_size=\u00bb30px\u00bb text_line_height=\u00bb1.2em\u00bb link_text_color=\u00bb#ffffff\u00bb header_3_font=\u00bb|700||on|||||\u00bb header_3_font_size=\u00bb16px\u00bb header_3_letter_spacing=\u00bb2px\u00bb header_3_line_height=\u00bb1.8em\u00bb background_layout=\u00bbdark\u00bb custom_padding=\u00bb10px||10px||true|false\u00bb link_option_url=\u00bbtel: 942 80 40 83 \u00bb text_font_size_tablet=\u00bb22px\u00bb text_font_size_phone=\u00bb16px\u00bb text_font_size_last_edited=\u00bbon|desktop\u00bb header_3_font_size_tablet=\u00bb14px\u00bb header_3_font_size_phone=\u00bb12px\u00bb header_3_font_size_last_edited=\u00bbon|phone\u00bb locked=\u00bboff\u00bb global_colors_info=\u00bb{}\u00bb]<\/p>\n<p><span aria-label=\"Call the phone number 942 80 40 83\">942 80 40 83<\/span><\/p>\n<p>[\/et_pb_text][et_pb_text _builder_version=\u00bb4.22.1&#8243; text_font=\u00bbMontserrat|800|||||||\u00bb text_font_size=\u00bb30px\u00bb text_line_height=\u00bb1.2em\u00bb link_text_color=\u00bb#ffffff\u00bb header_3_font=\u00bb|700||on|||||\u00bb header_3_font_size=\u00bb16px\u00bb header_3_letter_spacing=\u00bb2px\u00bb header_3_line_height=\u00bb1.8em\u00bb background_layout=\u00bbdark\u00bb custom_padding=\u00bb10px||10px||true|false\u00bb link_option_url=\u00bbhttps:\/\/www.google.com\/maps\/dir\/\/C.+San+Jos%C3%A9,+21,+bajo,+39300+Torrelavega,+Cantabria\/@43.3470328,-4.129677,12z\/data=!4m8!4m7!1m0!1m5!1m1!1s0xd493ff04c48f091:0x61cbbcf1655a656c!2m2!1d-4.0472763!2d43.3470624?entry=ttu\u00bb text_font_size_tablet=\u00bb22px\u00bb text_font_size_phone=\u00bb16px\u00bb text_font_size_last_edited=\u00bbon|desktop\u00bb header_3_font_size_tablet=\u00bb14px\u00bb header_3_font_size_phone=\u00bb12px\u00bb header_3_font_size_last_edited=\u00bbon|phone\u00bb locked=\u00bboff\u00bb global_colors_info=\u00bb{}\u00bb]<\/p>\n<h3>DIRECCI\u00d3N<\/h3>\n<p>C. San Jos\u00e9 21, 39300, Torrelavega (Cantabria)<\/p>\n<p>[\/et_pb_text][et_pb_button button_text=\u00bbEnv\u00edanos un mensaje\u00bb button_alignment=\u00bbleft\u00bb button_alignment_tablet=\u00bbcenter\u00bb button_alignment_last_edited=\u00bboff|phone\u00bb _builder_version=\u00bb4.22.1&#8243; custom_button=\u00bbon\u00bb button_text_size=\u00bb16px\u00bb button_bg_color=\u00bbrgba(0,0,0,0)\u00bb button_border_width=\u00bb0px\u00bb button_border_radius=\u00bb0px\u00bb button_letter_spacing=\u00bb2px\u00bb button_font=\u00bb|700||on|||||\u00bb button_use_icon=\u00bboff\u00bb background_layout=\u00bbdark\u00bb custom_margin=\u00bb30%||||false|false\u00bb custom_margin_last_edited=\u00bboff|desktop\u00bb custom_padding=\u00bb18px|0px|18px|0px|true|true\u00bb custom_padding_tablet=\u00bb14px||14px||true|true\u00bb custom_padding_phone=\u00bb12px||12px||true|true\u00bb custom_padding_last_edited=\u00bbon|phone\u00bb button_text_size_tablet=\u00bb14px\u00bb button_text_size_phone=\u00bb12px\u00bb button_text_size_last_edited=\u00bbon|phone\u00bb box_shadow_style=\u00bbpreset4&#8243; box_shadow_horizontal=\u00bb0px\u00bb box_shadow_vertical=\u00bb2px\u00bb box_shadow_color=\u00bb#ffffff\u00bb locked=\u00bboff\u00bb global_colors_info=\u00bb{}\u00bb button_text_color__hover_enabled=\u00bboff|hover\u00bb button_text_color__hover=\u00bb#fe1707&#8243; box_shadow_color__hover_enabled=\u00bboff|hover\u00bb box_shadow_color__hover=\u00bb#fe1707&#8243;][\/et_pb_button][\/et_pb_column][\/et_pb_row][\/et_pb_section][et_pb_section fb_built=\u00bb1&#8243; admin_label=\u00bbContact Form\u00bb _builder_version=\u00bb4.16&#8243; background_color=\u00bb#f3f3f1&#8243; background_enable_image=\u00bboff\u00bb locked=\u00bboff\u00bb global_colors_info=\u00bb{}\u00bb][et_pb_row _builder_version=\u00bb4.16&#8243; max_width=\u00bb800px\u00bb global_colors_info=\u00bb{}\u00bb][et_pb_column type=\u00bb4_4&#8243; _builder_version=\u00bb4.16&#8243; global_colors_info=\u00bb{}\u00bb][et_pb_contact_form use_spam_service=\u00bbon\u00bb recaptcha_list=\u00bbDefault|Default-0&#8243; email=\u00bbcontacto@lacasucadelgorbea.com\u00bb title=\u00bbCont\u00e1ctanos\u00bb _builder_version=\u00bb4.22.1&#8243; form_field_background_color=\u00bb#ffffff\u00bb form_field_custom_padding=\u00bb|25px||25px|false|true\u00bb title_level=\u00bbh2&#8243; title_font=\u00bbMontserrat|800|||||||\u00bb title_text_color=\u00bb#000000&#8243; title_font_size=\u00bb50px\u00bb title_line_height=\u00bb1.2em\u00bb form_field_font_size=\u00bb16px\u00bb form_field_line_height=\u00bb2em\u00bb custom_button=\u00bbon\u00bb button_text_size=\u00bb16px\u00bb button_text_color=\u00bb#46788a\u00bb button_bg_color=\u00bbrgba(0,0,0,0)\u00bb button_border_width=\u00bb0px\u00bb button_border_radius=\u00bb0px\u00bb button_letter_spacing=\u00bb2px\u00bb button_font=\u00bb|700||on|||||\u00bb button_use_icon=\u00bboff\u00bb button_custom_padding=\u00bb18px|0px|18px|0px|true|true\u00bb button_custom_padding_tablet=\u00bb14px||14px||true|true\u00bb button_custom_padding_phone=\u00bb12px||12px||true|true\u00bb button_custom_padding_last_edited=\u00bbon|phone\u00bb title_font_size_tablet=\u00bb35px\u00bb title_font_size_phone=\u00bb25px\u00bb title_font_size_last_edited=\u00bbon|phone\u00bb button_text_size_tablet=\u00bb14px\u00bb button_text_size_phone=\u00bb12px\u00bb button_text_size_last_edited=\u00bbon|phone\u00bb box_shadow_style_button=\u00bbpreset4&#8243; box_shadow_horizontal_button=\u00bb0px\u00bb box_shadow_vertical_button=\u00bb2px\u00bb box_shadow_color_button=\u00bb#46788a\u00bb global_colors_info=\u00bb{}\u00bb button_text_color__hover_enabled=\u00bbon|hover\u00bb button_text_color__hover=\u00bb#e14a00&#8243; box_shadow_color_button__hover_enabled=\u00bbon|hover\u00bb box_shadow_color_button__hover=\u00bb#e14a00&#8243;][et_pb_contact_field field_id=\u00bbNombre\u00bb field_title=\u00bbNombre\u00bb _builder_version=\u00bb4.22.1&#8243; global_colors_info=\u00bb{}\u00bb button_text_size__hover_enabled=\u00bboff\u00bb button_one_text_size__hover_enabled=\u00bboff\u00bb button_two_text_size__hover_enabled=\u00bboff\u00bb button_text_color__hover_enabled=\u00bboff\u00bb button_one_text_color__hover_enabled=\u00bboff\u00bb button_two_text_color__hover_enabled=\u00bboff\u00bb button_border_width__hover_enabled=\u00bboff\u00bb button_one_border_width__hover_enabled=\u00bboff\u00bb button_two_border_width__hover_enabled=\u00bboff\u00bb button_border_color__hover_enabled=\u00bboff\u00bb button_one_border_color__hover_enabled=\u00bboff\u00bb button_two_border_color__hover_enabled=\u00bboff\u00bb button_border_radius__hover_enabled=\u00bboff\u00bb button_one_border_radius__hover_enabled=\u00bboff\u00bb button_two_border_radius__hover_enabled=\u00bboff\u00bb button_letter_spacing__hover_enabled=\u00bboff\u00bb button_one_letter_spacing__hover_enabled=\u00bboff\u00bb button_two_letter_spacing__hover_enabled=\u00bboff\u00bb button_bg_color__hover_enabled=\u00bboff\u00bb button_one_bg_color__hover_enabled=\u00bboff\u00bb button_two_bg_color__hover_enabled=\u00bboff\u00bb][\/et_pb_contact_field][et_pb_contact_field field_id=\u00bbDirecci\u00f3n_de_correo_el\u00e9ctronico\u00bb field_title=\u00bbDirecci\u00f3n de correo el\u00e9ctronico\u00bb field_type=\u00bbemail\u00bb _builder_version=\u00bb4.22.1&#8243; global_colors_info=\u00bb{}\u00bb button_text_size__hover_enabled=\u00bboff\u00bb button_one_text_size__hover_enabled=\u00bboff\u00bb button_two_text_size__hover_enabled=\u00bboff\u00bb button_text_color__hover_enabled=\u00bboff\u00bb button_one_text_color__hover_enabled=\u00bboff\u00bb button_two_text_color__hover_enabled=\u00bboff\u00bb button_border_width__hover_enabled=\u00bboff\u00bb button_one_border_width__hover_enabled=\u00bboff\u00bb button_two_border_width__hover_enabled=\u00bboff\u00bb button_border_color__hover_enabled=\u00bboff\u00bb button_one_border_color__hover_enabled=\u00bboff\u00bb button_two_border_color__hover_enabled=\u00bboff\u00bb button_border_radius__hover_enabled=\u00bboff\u00bb button_one_border_radius__hover_enabled=\u00bboff\u00bb button_two_border_radius__hover_enabled=\u00bboff\u00bb button_letter_spacing__hover_enabled=\u00bboff\u00bb button_one_letter_spacing__hover_enabled=\u00bboff\u00bb button_two_letter_spacing__hover_enabled=\u00bboff\u00bb button_bg_color__hover_enabled=\u00bboff\u00bb button_one_bg_color__hover_enabled=\u00bboff\u00bb button_two_bg_color__hover_enabled=\u00bboff\u00bb][\/et_pb_contact_field][et_pb_contact_field field_id=\u00bbMensaje\u00bb field_title=\u00bbMensaje\u00bb field_type=\u00bbtext\u00bb fullwidth_field=\u00bbon\u00bb _builder_version=\u00bb4.22.1&#8243; global_colors_info=\u00bb{}\u00bb button_text_size__hover_enabled=\u00bboff\u00bb button_one_text_size__hover_enabled=\u00bboff\u00bb button_two_text_size__hover_enabled=\u00bboff\u00bb button_text_color__hover_enabled=\u00bboff\u00bb button_one_text_color__hover_enabled=\u00bboff\u00bb button_two_text_color__hover_enabled=\u00bboff\u00bb button_border_width__hover_enabled=\u00bboff\u00bb button_one_border_width__hover_enabled=\u00bboff\u00bb button_two_border_width__hover_enabled=\u00bboff\u00bb button_border_color__hover_enabled=\u00bboff\u00bb button_one_border_color__hover_enabled=\u00bboff\u00bb button_two_border_color__hover_enabled=\u00bboff\u00bb button_border_radius__hover_enabled=\u00bboff\u00bb button_one_border_radius__hover_enabled=\u00bboff\u00bb button_two_border_radius__hover_enabled=\u00bboff\u00bb button_letter_spacing__hover_enabled=\u00bboff\u00bb button_one_letter_spacing__hover_enabled=\u00bboff\u00bb button_two_letter_spacing__hover_enabled=\u00bboff\u00bb button_bg_color__hover_enabled=\u00bboff\u00bb button_one_bg_color__hover_enabled=\u00bboff\u00bb button_two_bg_color__hover_enabled=\u00bboff\u00bb][\/et_pb_contact_field][\/et_pb_contact_form][et_pb_text _builder_version=\u00bb4.22.1&#8243; _module_preset=\u00bbdefault\u00bb global_colors_info=\u00bb{}\u00bb]<\/p>\n<p><span class=\"wpcf7-form-control wpcf7-acceptance\"><span class=\"wpcf7-list-item\"><input type=\"checkbox\" name=\"acceptance-529\" value=\"1\" aria-invalid=\"false\" \/><\/span><\/span> Acepto condiciones de uso y <a href=\"https:\/\/lacasucadelgorbea.com\/en\/politica-de-privacidad\/\">Politica de Privacidad <\/a> and <a href=\"https:\/\/lacasucadelgorbea.com\/en\/aviso-legal\/\">Legal Notice<\/a><\/p>\n<p>[\/et_pb_text][\/et_pb_column][\/et_pb_row][\/et_pb_section][et_pb_section fb_built=\u00bb1&#8243; admin_label=\u00bbFAQ\u00bb _builder_version=\u00bb4.16&#8243; background_color=\u00bb#f3f3f1&#8243; background_image=\u00bbhttp:\/\/lacasucadelgorbea.com\/wp-content\/uploads\/2024\/01\/spice-shop-56.png\u00bb background_size=\u00bbinitial\u00bb locked=\u00bboff\u00bb global_colors_info=\u00bb{}\u00bb][et_pb_row _builder_version=\u00bb4.22.1&#8243; _module_preset=\u00bbdefault\u00bb width=\u00bb100%\u00bb max_width=\u00bb2560px\u00bb global_colors_info=\u00bb{}\u00bb][et_pb_column type=\u00bb4_4&#8243; _builder_version=\u00bb4.22.1&#8243; _module_preset=\u00bbdefault\u00bb global_colors_info=\u00bb{}\u00bb][et_pb_code _builder_version=\u00bb4.22.1&#8243; _module_preset=\u00bbdefault\u00bb global_colors_info=\u00bb{}\u00bb]<iframe src=\"https:\/\/www.google.com\/maps\/embed?pb=!1m18!1m12!1m3!1d2901.4326877470357!2d-4.047284299999999!3d43.347059099999996!2m3!1f0!2f0!3f0!3m2!1i1024!2i768!4f13.1!3m3!1m2!1s0xd493ff04c48f091%3A0x61cbbcf1655a656c!2sLa%20casuca%20del%20Gorbea!5e0!3m2!1ses-419!2ses!4v1707119167576!5m2!1ses-419!2ses\" width=\"2500\" height=\"500\" style=\"border:0;\" allowfullscreen=\"\" loading=\"lazy\" referrerpolicy=\"no-referrer-when-downgrade\"><\/iframe>[\/et_pb_code][\/et_pb_column][\/et_pb_row][\/et_pb_section][et_pb_section fb_built=\u00bb1&#8243; admin_label=\u00bbFooter\u00bb _builder_version=\u00bb4.22.1&#8243; background_color=\u00bb#f3f3f1&#8243; background_image=\u00bbhttp:\/\/lacasucadelgorbea.com\/wp-content\/uploads\/2024\/02\/pieWeb-2.png\u00bb locked=\u00bboff\u00bb global_colors_info=\u00bb{}\u00bb][et_pb_row column_structure=\u00bb1_2,1_2&#8243; module_id=\u00bb#contacto\u00bb _builder_version=\u00bb4.22.1&#8243; locked=\u00bboff\u00bb global_colors_info=\u00bb{}\u00bb][et_pb_column type=\u00bb1_2&#8243; _builder_version=\u00bb4.16&#8243; background_color=\u00bb#ffffff\u00bb custom_padding=\u00bb80px|60px|80px|60px|true|true\u00bb custom_padding_tablet=\u00bb50px|30px|50px|30px|true|true\u00bb custom_padding_phone=\u00bb30px|20px|30px|20px|true|true\u00bb custom_padding_last_edited=\u00bbon|tablet\u00bb global_colors_info=\u00bb{}\u00bb][et_pb_text _builder_version=\u00bb4.22.1&#8243; text_font=\u00bbMontserrat|800|||||||\u00bb text_font_size=\u00bb30px\u00bb text_line_height=\u00bb1.2em\u00bb link_text_color=\u00bb#000000&#8243; header_3_font=\u00bb|700||on|||||\u00bb header_3_text_color=\u00bb#fe1707&#8243; header_3_font_size=\u00bb16px\u00bb header_3_letter_spacing=\u00bb2px\u00bb header_3_line_height=\u00bb1.8em\u00bb custom_padding=\u00bb10px||10px||true|false\u00bb link_option_url=\u00bbhttps:\/\/www.google.com\/maps\/dir\/\/C.+San+Jos%C3%A9,+21,+bajo,+39300+Torrelavega,+Cantabria\/@43.3470328,-4.129677,12z\/data=!4m8!4m7!1m0!1m5!1m1!1s0xd493ff04c48f091:0x61cbbcf1655a656c!2m2!1d-4.0472763!2d43.3470624?entry=ttu\u00bb text_font_size_tablet=\u00bb22px\u00bb text_font_size_phone=\u00bb16px\u00bb text_font_size_last_edited=\u00bbon|desktop\u00bb header_3_font_size_tablet=\u00bb14px\u00bb header_3_font_size_phone=\u00bb12px\u00bb header_3_font_size_last_edited=\u00bbon|phone\u00bb locked=\u00bboff\u00bb global_colors_info=\u00bb{}\u00bb]<\/p>\n<h3><span style=\"color: #46788a;\">Address<\/span><\/h3>\n<p>C. San Jose, 21, under, 39300 Torrelavega<\/p>\n<p>[\/et_pb_text][et_pb_text _builder_version=\u00bb4.22.1&#8243; text_font=\u00bbMontserrat|800|||||||\u00bb text_font_size=\u00bb30px\u00bb text_line_height=\u00bb1.2em\u00bb link_text_color=\u00bb#000000&#8243; header_3_font=\u00bb|700||on|||||\u00bb header_3_text_color=\u00bb#fe1707&#8243; header_3_font_size=\u00bb16px\u00bb header_3_letter_spacing=\u00bb2px\u00bb header_3_line_height=\u00bb1.8em\u00bb custom_padding=\u00bb10px||10px||true|false\u00bb link_option_url=\u00bbtel: 942 80 40 83 \u00bb text_font_size_tablet=\u00bb22px\u00bb text_font_size_phone=\u00bb16px\u00bb text_font_size_last_edited=\u00bbon|desktop\u00bb header_3_font_size_tablet=\u00bb14px\u00bb header_3_font_size_phone=\u00bb12px\u00bb header_3_font_size_last_edited=\u00bbon|phone\u00bb locked=\u00bboff\u00bb global_colors_info=\u00bb{}\u00bb]<\/p>\n<h3><span style=\"color: #46788a;\">PHONE<\/span><\/h3>\n<p><a href=\"#\">942 80 40 83<\/a><\/p>\n<p>[\/et_pb_text][\/et_pb_column][et_pb_column type=\u00bb1_2&#8243; _builder_version=\u00bb4.16&#8243; global_colors_info=\u00bb{}\u00bb][\/et_pb_column][\/et_pb_row][\/et_pb_section]<\/p>","protected":false},"excerpt":{"rendered":"<p>ContactoMail administracion@lacasucadelgorbea.com942 80 40 83DIRECCI\u00d3N C. San Jos\u00e9 21, 39300, Torrelavega (Cantabria) Acepto condiciones de uso y Politica de Privacidad y Aviso LegalDirecci\u00f3n C. San Jos\u00e9, 21, bajo, 39300 TorrelavegaTEL\u00c9FONO 942 80 40 83<\/p>","protected":false},"author":1,"featured_media":0,"parent":0,"menu_order":0,"comment_status":"closed","ping_status":"closed","template":"","meta":{"_et_pb_use_builder":"on","_et_pb_old_content":"","_et_gb_content_width":"","footnotes":""},"class_list":["post-1863","page","type-page","status-publish","hentry"],"yoast_head":"<!-- This site is optimized with the Yoast SEO plugin v22.3 - https:\/\/yoast.com\/wordpress\/plugins\/seo\/ -->\n<title>Contacto - La Casuca del Gorbea<\/title>\n<meta name=\"robots\" content=\"index, follow, max-snippet:-1, max-image-preview:large, max-video-preview:-1\" \/>\n<link rel=\"canonical\" href=\"http:\/\/lacasucadelgorbea.com\/en\/contacto\/\" \/>\n<meta property=\"og:locale\" content=\"en_GB\" \/>\n<meta property=\"og:type\" content=\"article\" \/>\n<meta property=\"og:title\" content=\"Contacto - La Casuca del Gorbea\" \/>\n<meta property=\"og:description\" content=\"ContactoMail administracion@lacasucadelgorbea.com942 80 40 83DIRECCI\u00d3N C. San Jos\u00e9 21, 39300, Torrelavega (Cantabria) Acepto condiciones de uso y Politica de Privacidad y Aviso LegalDirecci\u00f3n C. San Jos\u00e9, 21, bajo, 39300 TorrelavegaTEL\u00c9FONO 942 80 40 83\" \/>\n<meta property=\"og:url\" content=\"http:\/\/lacasucadelgorbea.com\/en\/contacto\/\" \/>\n<meta property=\"og:site_name\" content=\"La Casuca del Gorbea\" \/>\n<meta property=\"article:publisher\" content=\"https:\/\/www.facebook.com\/gorbearestaurantehoteleltejo\" \/>\n<meta property=\"article:modified_time\" content=\"2024-06-27T09:44:48+00:00\" \/>\n<meta name=\"twitter:card\" content=\"summary_large_image\" \/>\n<meta name=\"twitter:label1\" content=\"Estimated reading time\" \/>\n\t<meta name=\"twitter:data1\" content=\"9 minutes\" \/>\n<script type=\"application\/ld+json\" class=\"yoast-schema-graph\">{\"@context\":\"https:\/\/schema.org\",\"@graph\":[{\"@type\":\"WebPage\",\"@id\":\"http:\/\/lacasucadelgorbea.com\/en\/contacto\/\",\"url\":\"http:\/\/lacasucadelgorbea.com\/en\/contacto\/\",\"name\":\"Contacto - La Casuca del Gorbea\",\"isPartOf\":{\"@id\":\"https:\/\/lacasucadelgorbea.com\/#website\"},\"datePublished\":\"2024-02-01T16:30:09+00:00\",\"dateModified\":\"2024-06-27T09:44:48+00:00\",\"breadcrumb\":{\"@id\":\"http:\/\/lacasucadelgorbea.com\/en\/contacto\/#breadcrumb\"},\"inLanguage\":\"en-GB\",\"potentialAction\":[{\"@type\":\"ReadAction\",\"target\":[\"http:\/\/lacasucadelgorbea.com\/en\/contacto\/\"]}]},{\"@type\":\"BreadcrumbList\",\"@id\":\"http:\/\/lacasucadelgorbea.com\/en\/contacto\/#breadcrumb\",\"itemListElement\":[{\"@type\":\"ListItem\",\"position\":1,\"name\":\"Portada\",\"item\":\"https:\/\/lacasucadelgorbea.com\/\"},{\"@type\":\"ListItem\",\"position\":2,\"name\":\"Contacto\"}]},{\"@type\":\"WebSite\",\"@id\":\"https:\/\/lacasucadelgorbea.com\/#website\",\"url\":\"https:\/\/lacasucadelgorbea.com\/\",\"name\":\"La Casuca del Gorbea\",\"description\":\"Restaurante en Torrelavega. Cocina de temporada. Especialidad en bacalao\",\"publisher\":{\"@id\":\"https:\/\/lacasucadelgorbea.com\/#organization\"},\"potentialAction\":[{\"@type\":\"SearchAction\",\"target\":{\"@type\":\"EntryPoint\",\"urlTemplate\":\"https:\/\/lacasucadelgorbea.com\/?s={search_term_string}\"},\"query-input\":\"required name=search_term_string\"}],\"inLanguage\":\"en-GB\"},{\"@type\":\"Organization\",\"@id\":\"https:\/\/lacasucadelgorbea.com\/#organization\",\"name\":\"La Casuca del Gorbea\",\"url\":\"https:\/\/lacasucadelgorbea.com\/\",\"logo\":{\"@type\":\"ImageObject\",\"inLanguage\":\"en-GB\",\"@id\":\"https:\/\/lacasucadelgorbea.com\/#\/schema\/logo\/image\/\",\"url\":\"http:\/\/lacasucadelgorbea.com\/wp-content\/uploads\/2024\/02\/cropped-Diseno-sin-titulo-4.png\",\"contentUrl\":\"http:\/\/lacasucadelgorbea.com\/wp-content\/uploads\/2024\/02\/cropped-Diseno-sin-titulo-4.png\",\"width\":512,\"height\":512,\"caption\":\"La Casuca del Gorbea\"},\"image\":{\"@id\":\"https:\/\/lacasucadelgorbea.com\/#\/schema\/logo\/image\/\"},\"sameAs\":[\"https:\/\/www.facebook.com\/gorbearestaurantehoteleltejo\",\"https:\/\/www.instagram.com\/lacasucadelgorbea\/\"]}]}<\/script>\n<!-- \/ Yoast SEO plugin. -->","yoast_head_json":{"title":"Contacto - La Casuca del Gorbea","robots":{"index":"index","follow":"follow","max-snippet":"max-snippet:-1","max-image-preview":"max-image-preview:large","max-video-preview":"max-video-preview:-1"},"canonical":"http:\/\/lacasucadelgorbea.com\/en\/contacto\/","og_locale":"en_GB","og_type":"article","og_title":"Contacto - La Casuca del Gorbea","og_description":"ContactoMail administracion@lacasucadelgorbea.com942 80 40 83DIRECCI\u00d3N C. San Jos\u00e9 21, 39300, Torrelavega (Cantabria) Acepto condiciones de uso y Politica de Privacidad y Aviso LegalDirecci\u00f3n C. San Jos\u00e9, 21, bajo, 39300 TorrelavegaTEL\u00c9FONO 942 80 40 83","og_url":"http:\/\/lacasucadelgorbea.com\/en\/contacto\/","og_site_name":"La Casuca del Gorbea","article_publisher":"https:\/\/www.facebook.com\/gorbearestaurantehoteleltejo","article_modified_time":"2024-06-27T09:44:48+00:00","twitter_card":"summary_large_image","twitter_misc":{"Estimated reading time":"9 minutes"},"schema":{"@context":"https:\/\/schema.org","@graph":[{"@type":"WebPage","@id":"http:\/\/lacasucadelgorbea.com\/en\/contacto\/","url":"http:\/\/lacasucadelgorbea.com\/en\/contacto\/","name":"Contacto - La Casuca del Gorbea","isPartOf":{"@id":"https:\/\/lacasucadelgorbea.com\/#website"},"datePublished":"2024-02-01T16:30:09+00:00","dateModified":"2024-06-27T09:44:48+00:00","breadcrumb":{"@id":"http:\/\/lacasucadelgorbea.com\/en\/contacto\/#breadcrumb"},"inLanguage":"en-GB","potentialAction":[{"@type":"ReadAction","target":["http:\/\/lacasucadelgorbea.com\/en\/contacto\/"]}]},{"@type":"BreadcrumbList","@id":"http:\/\/lacasucadelgorbea.com\/en\/contacto\/#breadcrumb","itemListElement":[{"@type":"ListItem","position":1,"name":"Portada","item":"https:\/\/lacasucadelgorbea.com\/"},{"@type":"ListItem","position":2,"name":"Contacto"}]},{"@type":"WebSite","@id":"https:\/\/lacasucadelgorbea.com\/#website","url":"https:\/\/lacasucadelgorbea.com\/","name":"La Casuca del Gorbea","description":"Restaurante en Torrelavega. Cocina de temporada. Especialidad en bacalao","publisher":{"@id":"https:\/\/lacasucadelgorbea.com\/#organization"},"potentialAction":[{"@type":"SearchAction","target":{"@type":"EntryPoint","urlTemplate":"https:\/\/lacasucadelgorbea.com\/?s={search_term_string}"},"query-input":"required name=search_term_string"}],"inLanguage":"en-GB"},{"@type":"Organization","@id":"https:\/\/lacasucadelgorbea.com\/#organization","name":"La Casuca del Gorbea","url":"https:\/\/lacasucadelgorbea.com\/","logo":{"@type":"ImageObject","inLanguage":"en-GB","@id":"https:\/\/lacasucadelgorbea.com\/#\/schema\/logo\/image\/","url":"http:\/\/lacasucadelgorbea.com\/wp-content\/uploads\/2024\/02\/cropped-Diseno-sin-titulo-4.png","contentUrl":"http:\/\/lacasucadelgorbea.com\/wp-content\/uploads\/2024\/02\/cropped-Diseno-sin-titulo-4.png","width":512,"height":512,"caption":"La Casuca del Gorbea"},"image":{"@id":"https:\/\/lacasucadelgorbea.com\/#\/schema\/logo\/image\/"},"sameAs":["https:\/\/www.facebook.com\/gorbearestaurantehoteleltejo","https:\/\/www.instagram.com\/lacasucadelgorbea\/"]}]}},"_links":{"self":[{"href":"https:\/\/lacasucadelgorbea.com\/en\/wp-json\/wp\/v2\/pages\/1863","targetHints":{"allow":["GET"]}}],"collection":[{"href":"https:\/\/lacasucadelgorbea.com\/en\/wp-json\/wp\/v2\/pages"}],"about":[{"href":"https:\/\/lacasucadelgorbea.com\/en\/wp-json\/wp\/v2\/types\/page"}],"author":[{"embeddable":true,"href":"https:\/\/lacasucadelgorbea.com\/en\/wp-json\/wp\/v2\/users\/1"}],"replies":[{"embeddable":true,"href":"https:\/\/lacasucadelgorbea.com\/en\/wp-json\/wp\/v2\/comments?post=1863"}],"version-history":[{"count":19,"href":"https:\/\/lacasucadelgorbea.com\/en\/wp-json\/wp\/v2\/pages\/1863\/revisions"}],"predecessor-version":[{"id":2165,"href":"https:\/\/lacasucadelgorbea.com\/en\/wp-json\/wp\/v2\/pages\/1863\/revisions\/2165"}],"wp:attachment":[{"href":"https:\/\/lacasucadelgorbea.com\/en\/wp-json\/wp\/v2\/media?parent=1863"}],"curies":[{"name":"wp","href":"https:\/\/api.w.org\/{rel}","templated":true}]}}