{"id":2019,"date":"2024-02-09T17:55:27","date_gmt":"2024-02-09T15:55:27","guid":{"rendered":"http:\/\/lacasucadelgorbea.com\/?page_id=2019"},"modified":"2025-02-06T10:59:28","modified_gmt":"2025-02-06T08:59:28","slug":"nosotros","status":"publish","type":"page","link":"https:\/\/lacasucadelgorbea.com\/en\/nosotros\/","title":{"rendered":"Us"},"content":{"rendered":"<p>[et_pb_section fb_built=\u00bb1&#8243; admin_label=\u00bbHeader\u00bb _builder_version=\u00bb4.22.1&#8243; background_enable_color=\u00bboff\u00bb background_image=\u00bbhttp:\/\/lacasucadelgorbea.com\/wp-content\/uploads\/2024\/02\/portada_nosotros.png\u00bb overflow-x=\u00bbhidden\u00bb overflow-y=\u00bbhidden\u00bb custom_padding=\u00bb0px||0px||true|false\u00bb global_colors_info=\u00bb{}\u00bb][et_pb_row column_structure=\u00bb3_5,2_5&#8243; make_equal=\u00bbon\u00bb _builder_version=\u00bb4.22.1&#8243; width_tablet=\u00bb100%\u00bb width_phone=\u00bb\u00bb width_last_edited=\u00bbon|tablet\u00bb custom_padding=\u00bb0px||0px|0px|true|false\u00bb box_shadow_style=\u00bbpreset4&#8243; box_shadow_horizontal=\u00bb-30vw\u00bb box_shadow_vertical=\u00bb0px\u00bb box_shadow_color=\u00bb#46788a\u00bb box_shadow_horizontal_tablet=\u00bb0vw\u00bb box_shadow_horizontal_phone=\u00bb\u00bb box_shadow_horizontal_last_edited=\u00bbon|tablet\u00bb global_colors_info=\u00bb{}\u00bb][et_pb_column type=\u00bb3_5&#8243; _builder_version=\u00bb4.22.1&#8243; background_color=\u00bb#46788a\u00bb custom_padding=\u00bb30vh|30px|30vh||true|false\u00bb custom_padding_tablet=\u00bb10%|10%|10%|10%|true|true\u00bb custom_padding_phone=\u00bb||||false|true\u00bb custom_padding_last_edited=\u00bbon|phone\u00bb global_colors_info=\u00bb{}\u00bb][et_pb_image src=\u00bbhttp:\/\/lacasucadelgorbea.com\/wp-content\/uploads\/2024\/01\/spice-shop-07.png\u00bb _builder_version=\u00bb4.22.1&#8243; custom_margin=\u00bb50px||||false|false\u00bb custom_margin_tablet=\u00bb0px||||false|false\u00bb custom_margin_phone=\u00bb\u00bb custom_margin_last_edited=\u00bbon|tablet\u00bb locked=\u00bboff\u00bb global_colors_info=\u00bb{}\u00bb][\/et_pb_image][et_pb_text _builder_version=\u00bb4.16&#8243; header_font=\u00bbMontserrat|800|||||||\u00bb header_font_size=\u00bb100px\u00bb header_line_height=\u00bb1.2em\u00bb background_layout=\u00bbdark\u00bb header_font_size_tablet=\u00bb40px\u00bb header_font_size_phone=\u00bb30px\u00bb header_font_size_last_edited=\u00bbon|phone\u00bb global_colors_info=\u00bb{}\u00bb]<\/p>\n<h1>Us<\/h1>\n<p>[\/et_pb_text][\/et_pb_column][et_pb_column type=\u00bb2_5&#8243; _builder_version=\u00bb4.22.1&#8243; custom_padding=\u00bb20%|0px|20%||true|false\u00bb custom_padding_tablet=\u00bb|10%||10%|false|true\u00bb custom_padding_phone=\u00bb||||false|false\u00bb custom_padding_last_edited=\u00bbon|phone\u00bb global_colors_info=\u00bb{}\u00bb][et_pb_image src=\u00bbhttp:\/\/lacasucadelgorbea.com\/wp-content\/uploads\/2024\/02\/Diseno-sin-titulo-1.png\u00bb title_text=\u00bbDise\u00f1o sin t\u00edtulo (1)\u00bb _builder_version=\u00bb4.22.1&#8243; positioning=\u00bbabsolute\u00bb position_origin_a=\u00bbbottom_right\u00bb vertical_offset=\u00bb20%\u00bb position_origin_a_tablet=\u00bb\u00bb position_origin_a_phone=\u00bb\u00bb position_origin_a_last_edited=\u00bbon|desktop\u00bb position_origin_f_tablet=\u00bb\u00bb position_origin_f_phone=\u00bb\u00bb position_origin_f_last_edited=\u00bbon|desktop\u00bb position_origin_r_tablet=\u00bb\u00bb position_origin_r_phone=\u00bb\u00bb position_origin_r_last_edited=\u00bbon|desktop\u00bb custom_margin=\u00bb|-20vw|||false|false\u00bb scroll_vertical_motion_enable=\u00bbon\u00bb scroll_vertical_motion=\u00bb0|50|50|100|2|0|-2&#8243; positioning_tablet=\u00bbrelative\u00bb positioning_phone=\u00bb\u00bb positioning_last_edited=\u00bbon|tablet\u00bb global_colors_info=\u00bb{}\u00bb][\/et_pb_image][\/et_pb_column][\/et_pb_row][\/et_pb_section][et_pb_section fb_built=\u00bb1&#8243; admin_label=\u00bbAbout\u00bb module_id=\u00bbunclasico\u00bb _builder_version=\u00bb4.22.1&#8243; background_color=\u00bb#f3f3f1&#8243; background_image=\u00bbhttp:\/\/lacasucadelgorbea.com\/wp-content\/uploads\/2024\/01\/spice-shop-53.png\u00bb background_size=\u00bbinitial\u00bb custom_margin=\u00bb||||false|false\u00bb custom_padding=\u00bb10vw||||false|false\u00bb locked=\u00bboff\u00bb global_colors_info=\u00bb{}\u00bb][et_pb_row _builder_version=\u00bb4.16&#8243; locked=\u00bboff\u00bb global_colors_info=\u00bb{}\u00bb][et_pb_column type=\u00bb4_4&#8243; _builder_version=\u00bb4.16&#8243; global_colors_info=\u00bb{}\u00bb][et_pb_text _builder_version=\u00bb4.22.1&#8243; text_font_size=\u00bb16px\u00bb text_line_height=\u00bb2.2em\u00bb header_2_font=\u00bbMontserrat|800|||||||\u00bb header_2_text_color=\u00bb#000000&#8243; header_2_font_size=\u00bb50px\u00bb header_2_line_height=\u00bb1.2em\u00bb z_index=\u00bb2&#8243; text_orientation=\u00bbcenter\u00bb max_width=\u00bb700px\u00bb module_alignment=\u00bbcenter\u00bb text_font_size_tablet=\u00bb14px\u00bb text_font_size_phone=\u00bb\u00bb text_font_size_last_edited=\u00bbon|phone\u00bb header_2_font_size_tablet=\u00bb35px\u00bb header_2_font_size_phone=\u00bb25px\u00bb header_2_font_size_last_edited=\u00bbon|phone\u00bb global_colors_info=\u00bb{}\u00bb]<\/p>\n<h2>Un cl\u00e1sico con nuevo proyecto, estilo y oferta.<\/h2>\n<p><span><\/span><\/p>\n<p><span>En la zona de vinos de Torrelavega, en el popular barrio San Jos\u00e9, uno de los establecimientos emblem\u00e1ticos, La Casuca, ha iniciado una nueva etapa con nueva direcci\u00f3n y nombre: La Casuca del Gorbea. El chef <strong>\u00c1lex Guti\u00e9rrez<\/strong>, ha asumido la gerencia y el trabajo en cocina de este restaurante. Un nuevo proyecto en el que tambi\u00e9n est\u00e1n involucrados <strong>Juan Jos\u00e9 Teller\u00eda<\/strong> and <strong>Gonzalo Dolls<\/strong>. Los tres vienen del restaurante<strong> Gorbea de Comillas<\/strong> y de una larga trayectoria en el sector hostelero y gastr\u00f3nomo. \u00abNo podemos estar m\u00e1s contentos, la acogida ha sido extraordinaria\u00bb, dice \u00c1lex, mientras asiente la sumiller y jefa de sala, <strong>Erika V\u00e1squez<\/strong> que suma experiencia y buen trabajo al equipo.\u00a0<\/span><\/p>\n<p><span>La Casuca del Gorbea presenta un trabajo en cocina que se basa en una carta que \u00c1lex define como \u00absencilla, basada en una cocina tradicional un poco actualizada\u00bb. La casquer\u00eda \u00abes nuestra especialidad\u00bb, tanto en barra como en mesa. Y tambi\u00e9n destaca en carta, junto al bacalao, su plato insignia (al pil-pil, confitado con callos y torreznos, o las kokotxas de bacalao en salsa verde con langostinos). En carnes, \u00ablo mejor: angus\u00bb, con, entre otras opciones, un entrecot a la brasa o un chulet\u00f3n.\u00a0<\/span><\/p>\n<p>[\/et_pb_text][\/et_pb_column][\/et_pb_row][\/et_pb_section][et_pb_section fb_built=\u00bb1&#8243; admin_label=\u00bbCTA\u00bb _builder_version=\u00bb4.16&#8243; background_color=\u00bb#f3f3f1&#8243; global_colors_info=\u00bb{}\u00bb][et_pb_row _builder_version=\u00bb4.16&#8243; width=\u00bb90%\u00bb max_width=\u00bbnone\u00bb global_colors_info=\u00bb{}\u00bb][et_pb_column type=\u00bb4_4&#8243; _builder_version=\u00bb4.16&#8243; global_colors_info=\u00bb{}\u00bb][et_pb_text _builder_version=\u00bb4.16&#8243; header_2_font=\u00bbMontserrat|800|||||||\u00bb header_2_font_size=\u00bb180px\u00bb header_2_line_height=\u00bb1.2em\u00bb positioning=\u00bbabsolute\u00bb position_origin_a=\u00bbbottom_left\u00bb z_index=\u00bb11&#8243; text_orientation=\u00bbcenter\u00bb background_layout=\u00bbdark\u00bb width=\u00bb100%\u00bb scroll_vertical_motion_enable=\u00bbon\u00bb scroll_vertical_motion=\u00bb0|50|50|100|2|0|-2&#8243; header_2_font_size_tablet=\u00bb80px\u00bb header_2_font_size_phone=\u00bb60px\u00bb header_2_font_size_last_edited=\u00bbon|tablet\u00bb scroll_vertical_motion_tablet=\u00bb0|50|50|100|0|0|0&#8243; scroll_vertical_motion_phone=\u00bb\u00bb scroll_vertical_motion_last_edited=\u00bbon|tablet\u00bb header_2_text_shadow_style=\u00bbpreset1&#8243; header_2_text_shadow_vertical_length=\u00bb0.2em\u00bb header_2_text_shadow_blur_strength=\u00bb0.3em\u00bb header_2_text_shadow_color=\u00bbrgba(0,0,0,0.5)\u00bb locked=\u00bboff\u00bb global_colors_info=\u00bb{}\u00bb]<\/p>\n<h2>Nuestro Equipo<\/h2>\n<p>[\/et_pb_text][et_pb_image src=\u00bbhttp:\/\/lacasucadelgorbea.com\/wp-content\/uploads\/2024\/02\/EQUIPO3.jpg\u00bb title_text=\u00bbEQUIPO3&#8243; align=\u00bbcenter\u00bb _builder_version=\u00bb4.22.1&#8243; locked=\u00bboff\u00bb global_colors_info=\u00bb{}\u00bb][\/et_pb_image][\/et_pb_column][\/et_pb_row][et_pb_row column_structure=\u00bb1_2,1_2&#8243; _builder_version=\u00bb4.22.1&#8243; _module_preset=\u00bbdefault\u00bb global_colors_info=\u00bb{}\u00bb][et_pb_column type=\u00bb1_2&#8243; _builder_version=\u00bb4.22.1&#8243; _module_preset=\u00bbdefault\u00bb global_colors_info=\u00bb{}\u00bb][et_pb_image src=\u00bbhttp:\/\/lacasucadelgorbea.com\/wp-content\/uploads\/2024\/02\/EQUIPO.jpg\u00bb title_text=\u00bbEQUIPO\u00bb _builder_version=\u00bb4.22.1&#8243; _module_preset=\u00bbdefault\u00bb global_colors_info=\u00bb{}\u00bb][\/et_pb_image][\/et_pb_column][et_pb_column type=\u00bb1_2&#8243; _builder_version=\u00bb4.22.1&#8243; _module_preset=\u00bbdefault\u00bb global_colors_info=\u00bb{}\u00bb][et_pb_image src=\u00bbhttp:\/\/lacasucadelgorbea.com\/wp-content\/uploads\/2024\/02\/EQUIPO2.jpg\u00bb title_text=\u00bbEQUIPO2&#8243; _builder_version=\u00bb4.22.1&#8243; _module_preset=\u00bbdefault\u00bb global_colors_info=\u00bb{}\u00bb][\/et_pb_image][\/et_pb_column][\/et_pb_row][\/et_pb_section][et_pb_section fb_built=\u00bb1&#8243; admin_label=\u00bbFooter\u00bb _builder_version=\u00bb4.22.1&#8243; background_color=\u00bb#f3f3f1&#8243; background_image=\u00bbhttp:\/\/lacasucadelgorbea.com\/wp-content\/uploads\/2024\/02\/pieWeb-2.png\u00bb locked=\u00bboff\u00bb global_colors_info=\u00bb{}\u00bb][et_pb_row column_structure=\u00bb1_2,1_2&#8243; module_id=\u00bb#contacto\u00bb _builder_version=\u00bb4.22.1&#8243; locked=\u00bboff\u00bb global_colors_info=\u00bb{}\u00bb][et_pb_column type=\u00bb1_2&#8243; _builder_version=\u00bb4.16&#8243; background_color=\u00bb#ffffff\u00bb custom_padding=\u00bb80px|60px|80px|60px|true|true\u00bb custom_padding_tablet=\u00bb50px|30px|50px|30px|true|true\u00bb custom_padding_phone=\u00bb30px|20px|30px|20px|true|true\u00bb custom_padding_last_edited=\u00bbon|tablet\u00bb global_colors_info=\u00bb{}\u00bb][et_pb_text _builder_version=\u00bb4.22.1&#8243; text_font=\u00bbMontserrat|800|||||||\u00bb text_font_size=\u00bb30px\u00bb text_line_height=\u00bb1.2em\u00bb link_text_color=\u00bb#000000&#8243; header_3_font=\u00bb|700||on|||||\u00bb header_3_text_color=\u00bb#fe1707&#8243; header_3_font_size=\u00bb16px\u00bb header_3_letter_spacing=\u00bb2px\u00bb header_3_line_height=\u00bb1.8em\u00bb custom_padding=\u00bb10px||10px||true|false\u00bb link_option_url=\u00bbhttps:\/\/www.google.com\/maps\/dir\/\/C.+San+Jos%C3%A9,+21,+bajo,+39300+Torrelavega,+Cantabria\/@43.3470328,-4.129677,12z\/data=!4m8!4m7!1m0!1m5!1m1!1s0xd493ff04c48f091:0x61cbbcf1655a656c!2m2!1d-4.0472763!2d43.3470624?entry=ttu\u00bb text_font_size_tablet=\u00bb22px\u00bb text_font_size_phone=\u00bb16px\u00bb text_font_size_last_edited=\u00bbon|desktop\u00bb header_3_font_size_tablet=\u00bb14px\u00bb header_3_font_size_phone=\u00bb12px\u00bb header_3_font_size_last_edited=\u00bbon|phone\u00bb locked=\u00bboff\u00bb global_colors_info=\u00bb{}\u00bb]<\/p>\n<h3><span style=\"color: #46788a;\">Address<\/span><\/h3>\n<p>C. San Jose, 21, under, 39300 Torrelavega<\/p>\n<p>[\/et_pb_text][et_pb_text _builder_version=\u00bb4.22.1&#8243; text_font=\u00bbMontserrat|800|||||||\u00bb text_font_size=\u00bb30px\u00bb text_line_height=\u00bb1.2em\u00bb link_text_color=\u00bb#000000&#8243; header_3_font=\u00bb|700||on|||||\u00bb header_3_text_color=\u00bb#fe1707&#8243; header_3_font_size=\u00bb16px\u00bb header_3_letter_spacing=\u00bb2px\u00bb header_3_line_height=\u00bb1.8em\u00bb custom_padding=\u00bb10px||10px||true|false\u00bb link_option_url=\u00bbtel: 942 80 40 83 \u00bb text_font_size_tablet=\u00bb22px\u00bb text_font_size_phone=\u00bb16px\u00bb text_font_size_last_edited=\u00bbon|desktop\u00bb header_3_font_size_tablet=\u00bb14px\u00bb header_3_font_size_phone=\u00bb12px\u00bb header_3_font_size_last_edited=\u00bbon|phone\u00bb locked=\u00bboff\u00bb global_colors_info=\u00bb{}\u00bb]<\/p>\n<h3><span style=\"color: #46788a;\">PHONE<\/span><\/h3>\n<p><a href=\"#\">942 80 40 83<\/a><\/p>\n<p>[\/et_pb_text][\/et_pb_column][et_pb_column type=\u00bb1_2&#8243; _builder_version=\u00bb4.16&#8243; global_colors_info=\u00bb{}\u00bb][\/et_pb_column][\/et_pb_row][\/et_pb_section]<\/p>","protected":false},"excerpt":{"rendered":"<p>NosotrosUn cl\u00e1sico con nuevo proyecto, estilo y oferta. En la zona de vinos de Torrelavega, en el popular barrio San Jos\u00e9, uno de los establecimientos emblem\u00e1ticos, La Casuca, ha iniciado una nueva etapa con nueva direcci\u00f3n y nombre: La Casuca del Gorbea. El chef \u00c1lex Guti\u00e9rrez, ha asumido la gerencia y el trabajo en cocina [&hellip;]<\/p>","protected":false},"author":1,"featured_media":0,"parent":0,"menu_order":0,"comment_status":"closed","ping_status":"closed","template":"","meta":{"_et_pb_use_builder":"on","_et_pb_old_content":"","_et_gb_content_width":"","footnotes":""},"class_list":["post-2019","page","type-page","status-publish","hentry"],"yoast_head":"<!-- This site is optimized with the Yoast SEO plugin v22.3 - https:\/\/yoast.com\/wordpress\/plugins\/seo\/ -->\n<title>Nosotros - La Casuca del Gorbea<\/title>\n<meta name=\"robots\" content=\"index, follow, max-snippet:-1, max-image-preview:large, max-video-preview:-1\" \/>\n<link rel=\"canonical\" href=\"https:\/\/lacasucadelgorbea.com\/en\/nosotros\/\" \/>\n<meta property=\"og:locale\" content=\"en_GB\" \/>\n<meta property=\"og:type\" content=\"article\" \/>\n<meta property=\"og:title\" content=\"Nosotros - La Casuca del Gorbea\" \/>\n<meta property=\"og:description\" content=\"NosotrosUn cl\u00e1sico con nuevo proyecto, estilo y oferta. En la zona de vinos de Torrelavega, en el popular barrio San Jos\u00e9, uno de los establecimientos emblem\u00e1ticos, La Casuca, ha iniciado una nueva etapa con nueva direcci\u00f3n y nombre: La Casuca del Gorbea. El chef \u00c1lex Guti\u00e9rrez, ha asumido la gerencia y el trabajo en cocina [&hellip;]\" \/>\n<meta property=\"og:url\" content=\"https:\/\/lacasucadelgorbea.com\/en\/nosotros\/\" \/>\n<meta property=\"og:site_name\" content=\"La Casuca del Gorbea\" \/>\n<meta property=\"article:publisher\" content=\"https:\/\/www.facebook.com\/gorbearestaurantehoteleltejo\" \/>\n<meta property=\"article:modified_time\" content=\"2025-02-06T08:59:28+00:00\" \/>\n<meta name=\"twitter:card\" content=\"summary_large_image\" \/>\n<meta name=\"twitter:label1\" content=\"Estimated reading time\" \/>\n\t<meta name=\"twitter:data1\" content=\"7 minutes\" \/>\n<script type=\"application\/ld+json\" class=\"yoast-schema-graph\">{\"@context\":\"https:\/\/schema.org\",\"@graph\":[{\"@type\":\"WebPage\",\"@id\":\"http:\/\/lacasucadelgorbea.com\/nosotros\/\",\"url\":\"http:\/\/lacasucadelgorbea.com\/nosotros\/\",\"name\":\"Nosotros - La Casuca del Gorbea\",\"isPartOf\":{\"@id\":\"https:\/\/lacasucadelgorbea.com\/#website\"},\"datePublished\":\"2024-02-09T15:55:27+00:00\",\"dateModified\":\"2025-02-06T08:59:28+00:00\",\"breadcrumb\":{\"@id\":\"http:\/\/lacasucadelgorbea.com\/nosotros\/#breadcrumb\"},\"inLanguage\":\"en-GB\",\"potentialAction\":[{\"@type\":\"ReadAction\",\"target\":[\"http:\/\/lacasucadelgorbea.com\/nosotros\/\"]}]},{\"@type\":\"BreadcrumbList\",\"@id\":\"http:\/\/lacasucadelgorbea.com\/nosotros\/#breadcrumb\",\"itemListElement\":[{\"@type\":\"ListItem\",\"position\":1,\"name\":\"Portada\",\"item\":\"https:\/\/lacasucadelgorbea.com\/\"},{\"@type\":\"ListItem\",\"position\":2,\"name\":\"Nosotros\"}]},{\"@type\":\"WebSite\",\"@id\":\"https:\/\/lacasucadelgorbea.com\/#website\",\"url\":\"https:\/\/lacasucadelgorbea.com\/\",\"name\":\"La Casuca del Gorbea\",\"description\":\"Restaurante en Torrelavega. Cocina de temporada. Especialidad en bacalao\",\"publisher\":{\"@id\":\"https:\/\/lacasucadelgorbea.com\/#organization\"},\"potentialAction\":[{\"@type\":\"SearchAction\",\"target\":{\"@type\":\"EntryPoint\",\"urlTemplate\":\"https:\/\/lacasucadelgorbea.com\/?s={search_term_string}\"},\"query-input\":\"required name=search_term_string\"}],\"inLanguage\":\"en-GB\"},{\"@type\":\"Organization\",\"@id\":\"https:\/\/lacasucadelgorbea.com\/#organization\",\"name\":\"La Casuca del Gorbea\",\"url\":\"https:\/\/lacasucadelgorbea.com\/\",\"logo\":{\"@type\":\"ImageObject\",\"inLanguage\":\"en-GB\",\"@id\":\"https:\/\/lacasucadelgorbea.com\/#\/schema\/logo\/image\/\",\"url\":\"http:\/\/lacasucadelgorbea.com\/wp-content\/uploads\/2024\/02\/cropped-Diseno-sin-titulo-4.png\",\"contentUrl\":\"http:\/\/lacasucadelgorbea.com\/wp-content\/uploads\/2024\/02\/cropped-Diseno-sin-titulo-4.png\",\"width\":512,\"height\":512,\"caption\":\"La Casuca del Gorbea\"},\"image\":{\"@id\":\"https:\/\/lacasucadelgorbea.com\/#\/schema\/logo\/image\/\"},\"sameAs\":[\"https:\/\/www.facebook.com\/gorbearestaurantehoteleltejo\",\"https:\/\/www.instagram.com\/lacasucadelgorbea\/\"]}]}<\/script>\n<!-- \/ Yoast SEO plugin. -->","yoast_head_json":{"title":"Nosotros - La Casuca del Gorbea","robots":{"index":"index","follow":"follow","max-snippet":"max-snippet:-1","max-image-preview":"max-image-preview:large","max-video-preview":"max-video-preview:-1"},"canonical":"https:\/\/lacasucadelgorbea.com\/en\/nosotros\/","og_locale":"en_GB","og_type":"article","og_title":"Nosotros - La Casuca del Gorbea","og_description":"NosotrosUn cl\u00e1sico con nuevo proyecto, estilo y oferta. En la zona de vinos de Torrelavega, en el popular barrio San Jos\u00e9, uno de los establecimientos emblem\u00e1ticos, La Casuca, ha iniciado una nueva etapa con nueva direcci\u00f3n y nombre: La Casuca del Gorbea. El chef \u00c1lex Guti\u00e9rrez, ha asumido la gerencia y el trabajo en cocina [&hellip;]","og_url":"https:\/\/lacasucadelgorbea.com\/en\/nosotros\/","og_site_name":"La Casuca del Gorbea","article_publisher":"https:\/\/www.facebook.com\/gorbearestaurantehoteleltejo","article_modified_time":"2025-02-06T08:59:28+00:00","twitter_card":"summary_large_image","twitter_misc":{"Estimated reading time":"7 minutes"},"schema":{"@context":"https:\/\/schema.org","@graph":[{"@type":"WebPage","@id":"http:\/\/lacasucadelgorbea.com\/nosotros\/","url":"http:\/\/lacasucadelgorbea.com\/nosotros\/","name":"Nosotros - La Casuca del Gorbea","isPartOf":{"@id":"https:\/\/lacasucadelgorbea.com\/#website"},"datePublished":"2024-02-09T15:55:27+00:00","dateModified":"2025-02-06T08:59:28+00:00","breadcrumb":{"@id":"http:\/\/lacasucadelgorbea.com\/nosotros\/#breadcrumb"},"inLanguage":"en-GB","potentialAction":[{"@type":"ReadAction","target":["http:\/\/lacasucadelgorbea.com\/nosotros\/"]}]},{"@type":"BreadcrumbList","@id":"http:\/\/lacasucadelgorbea.com\/nosotros\/#breadcrumb","itemListElement":[{"@type":"ListItem","position":1,"name":"Portada","item":"https:\/\/lacasucadelgorbea.com\/"},{"@type":"ListItem","position":2,"name":"Nosotros"}]},{"@type":"WebSite","@id":"https:\/\/lacasucadelgorbea.com\/#website","url":"https:\/\/lacasucadelgorbea.com\/","name":"La Casuca del Gorbea","description":"Restaurante en Torrelavega. Cocina de temporada. Especialidad en bacalao","publisher":{"@id":"https:\/\/lacasucadelgorbea.com\/#organization"},"potentialAction":[{"@type":"SearchAction","target":{"@type":"EntryPoint","urlTemplate":"https:\/\/lacasucadelgorbea.com\/?s={search_term_string}"},"query-input":"required name=search_term_string"}],"inLanguage":"en-GB"},{"@type":"Organization","@id":"https:\/\/lacasucadelgorbea.com\/#organization","name":"La Casuca del Gorbea","url":"https:\/\/lacasucadelgorbea.com\/","logo":{"@type":"ImageObject","inLanguage":"en-GB","@id":"https:\/\/lacasucadelgorbea.com\/#\/schema\/logo\/image\/","url":"http:\/\/lacasucadelgorbea.com\/wp-content\/uploads\/2024\/02\/cropped-Diseno-sin-titulo-4.png","contentUrl":"http:\/\/lacasucadelgorbea.com\/wp-content\/uploads\/2024\/02\/cropped-Diseno-sin-titulo-4.png","width":512,"height":512,"caption":"La Casuca del Gorbea"},"image":{"@id":"https:\/\/lacasucadelgorbea.com\/#\/schema\/logo\/image\/"},"sameAs":["https:\/\/www.facebook.com\/gorbearestaurantehoteleltejo","https:\/\/www.instagram.com\/lacasucadelgorbea\/"]}]}},"_links":{"self":[{"href":"https:\/\/lacasucadelgorbea.com\/en\/wp-json\/wp\/v2\/pages\/2019","targetHints":{"allow":["GET"]}}],"collection":[{"href":"https:\/\/lacasucadelgorbea.com\/en\/wp-json\/wp\/v2\/pages"}],"about":[{"href":"https:\/\/lacasucadelgorbea.com\/en\/wp-json\/wp\/v2\/types\/page"}],"author":[{"embeddable":true,"href":"https:\/\/lacasucadelgorbea.com\/en\/wp-json\/wp\/v2\/users\/1"}],"replies":[{"embeddable":true,"href":"https:\/\/lacasucadelgorbea.com\/en\/wp-json\/wp\/v2\/comments?post=2019"}],"version-history":[{"count":17,"href":"https:\/\/lacasucadelgorbea.com\/en\/wp-json\/wp\/v2\/pages\/2019\/revisions"}],"predecessor-version":[{"id":2184,"href":"https:\/\/lacasucadelgorbea.com\/en\/wp-json\/wp\/v2\/pages\/2019\/revisions\/2184"}],"wp:attachment":[{"href":"https:\/\/lacasucadelgorbea.com\/en\/wp-json\/wp\/v2\/media?parent=2019"}],"curies":[{"name":"wp","href":"https:\/\/api.w.org\/{rel}","templated":true}]}}