{"id":2188,"date":"2025-09-15T12:55:42","date_gmt":"2025-09-15T10:55:42","guid":{"rendered":"https:\/\/lacasucadelgorbea.com\/?page_id=2188"},"modified":"2025-09-18T16:47:49","modified_gmt":"2025-09-18T14:47:49","slug":"obras","status":"publish","type":"page","link":"https:\/\/lacasucadelgorbea.com\/en\/","title":{"rendered":"Obras"},"content":{"rendered":"<p>[et_pb_section fb_built=\u00bb1&#8243; admin_label=\u00bbFooter\u00bb _builder_version=\u00bb4.22.1&#8243; background_color=\u00bb#f3f3f1&#8243; background_image=\u00bbhttp:\/\/lacasucadelgorbea.com\/wp-content\/uploads\/2024\/02\/pieWeb-2.png\u00bb locked=\u00bboff\u00bb global_colors_info=\u00bb{}\u00bb theme_builder_area=\u00bbpost_content\u00bb][et_pb_row column_structure=\u00bb1_2,1_2&#8243; module_id=\u00bb#contacto\u00bb _builder_version=\u00bb4.22.1&#8243; locked=\u00bboff\u00bb global_colors_info=\u00bb{}\u00bb theme_builder_area=\u00bbpost_content\u00bb][et_pb_column type=\u00bb1_2&#8243; _builder_version=\u00bb4.16&#8243; background_color=\u00bb#ffffff\u00bb custom_padding=\u00bb80px|60px|80px|60px|true|true\u00bb custom_padding_tablet=\u00bb50px|30px|50px|30px|true|true\u00bb custom_padding_phone=\u00bb30px|20px|30px|20px|true|true\u00bb custom_padding_last_edited=\u00bbon|tablet\u00bb global_colors_info=\u00bb{}\u00bb theme_builder_area=\u00bbpost_content\u00bb][et_pb_text _builder_version=\u00bb4.22.1&#8243; text_font=\u00bbMontserrat|800|||||||\u00bb text_font_size=\u00bb30px\u00bb text_line_height=\u00bb1.2em\u00bb link_text_color=\u00bb#000000&#8243; header_3_font=\u00bb|700||on|||||\u00bb header_3_text_color=\u00bb#fe1707&#8243; header_3_font_size=\u00bb16px\u00bb header_3_letter_spacing=\u00bb2px\u00bb header_3_line_height=\u00bb1.8em\u00bb custom_padding=\u00bb10px||10px||true|false\u00bb text_font_size_tablet=\u00bb22px\u00bb text_font_size_phone=\u00bb16px\u00bb text_font_size_last_edited=\u00bbon|desktop\u00bb header_3_font_size_tablet=\u00bb14px\u00bb header_3_font_size_phone=\u00bb12px\u00bb header_3_font_size_last_edited=\u00bbon|phone\u00bb locked=\u00bboff\u00bb global_colors_info=\u00bb{}\u00bb theme_builder_area=\u00bbpost_content\u00bb]<\/p>\n<h3><span style=\"color: #46788a;\">Address<\/span><\/h3>\n<p>C. San Jose, 21, under, 39300 Torrelavega<\/p>\n<p>[\/et_pb_text][et_pb_text _builder_version=\u00bb4.22.1&#8243; text_font=\u00bbMontserrat|800|||||||\u00bb text_font_size=\u00bb30px\u00bb text_line_height=\u00bb1.2em\u00bb link_text_color=\u00bb#000000&#8243; header_3_font=\u00bb|700||on|||||\u00bb header_3_text_color=\u00bb#fe1707&#8243; header_3_font_size=\u00bb16px\u00bb header_3_letter_spacing=\u00bb2px\u00bb header_3_line_height=\u00bb1.8em\u00bb custom_padding=\u00bb10px||10px||true|false\u00bb text_font_size_tablet=\u00bb22px\u00bb text_font_size_phone=\u00bb16px\u00bb text_font_size_last_edited=\u00bbon|desktop\u00bb header_3_font_size_tablet=\u00bb14px\u00bb header_3_font_size_phone=\u00bb12px\u00bb header_3_font_size_last_edited=\u00bbon|phone\u00bb locked=\u00bboff\u00bb global_colors_info=\u00bb{}\u00bb theme_builder_area=\u00bbpost_content\u00bb]<\/p>\n<h3><span style=\"color: #46788a;\">PHONE<\/span><\/h3>\n<p><a href=\"#\">942 80 40 83<\/a><\/p>\n<p>[\/et_pb_text][\/et_pb_column][et_pb_column type=\u00bb1_2&#8243; _builder_version=\u00bb4.16&#8243; global_colors_info=\u00bb{}\u00bb theme_builder_area=\u00bbpost_content\u00bb][\/et_pb_column][\/et_pb_row][\/et_pb_section]<\/p>","protected":false},"excerpt":{"rendered":"<p>Direcci\u00f3n C. San Jos\u00e9, 21, bajo, 39300 TorrelavegaTEL\u00c9FONO 942 80 40 83<\/p>","protected":false},"author":1,"featured_media":0,"parent":0,"menu_order":0,"comment_status":"closed","ping_status":"closed","template":"","meta":{"_et_pb_use_builder":"on","_et_pb_old_content":"<!-- wp:divi\/placeholder \/-->","_et_gb_content_width":"","footnotes":""},"class_list":["post-2188","page","type-page","status-publish","hentry"],"yoast_head":"<!-- This site is optimized with the Yoast SEO plugin v22.3 - https:\/\/yoast.com\/wordpress\/plugins\/seo\/ -->\n<title>Obras - La Casuca del Gorbea<\/title>\n<meta name=\"robots\" content=\"index, follow, max-snippet:-1, max-image-preview:large, max-video-preview:-1\" \/>\n<link rel=\"canonical\" href=\"https:\/\/lacasucadelgorbea.com\/en\/\" \/>\n<meta property=\"og:locale\" content=\"en_GB\" \/>\n<meta property=\"og:type\" content=\"article\" \/>\n<meta property=\"og:title\" content=\"Obras - La Casuca del Gorbea\" \/>\n<meta property=\"og:description\" content=\"Direcci\u00f3n C. San Jos\u00e9, 21, bajo, 39300 TorrelavegaTEL\u00c9FONO 942 80 40 83\" \/>\n<meta property=\"og:url\" content=\"https:\/\/lacasucadelgorbea.com\/en\/\" \/>\n<meta property=\"og:site_name\" content=\"La Casuca del Gorbea\" \/>\n<meta property=\"article:publisher\" content=\"https:\/\/www.facebook.com\/gorbearestaurantehoteleltejo\" \/>\n<meta property=\"article:modified_time\" content=\"2025-09-18T14:47:49+00:00\" \/>\n<meta name=\"twitter:card\" content=\"summary_large_image\" \/>\n<script type=\"application\/ld+json\" class=\"yoast-schema-graph\">{\"@context\":\"https:\/\/schema.org\",\"@graph\":[{\"@type\":\"WebPage\",\"@id\":\"https:\/\/lacasucadelgorbea.com\/\",\"url\":\"https:\/\/lacasucadelgorbea.com\/\",\"name\":\"Obras - La Casuca del Gorbea\",\"isPartOf\":{\"@id\":\"https:\/\/lacasucadelgorbea.com\/#website\"},\"datePublished\":\"2025-09-15T10:55:42+00:00\",\"dateModified\":\"2025-09-18T14:47:49+00:00\",\"breadcrumb\":{\"@id\":\"https:\/\/lacasucadelgorbea.com\/#breadcrumb\"},\"inLanguage\":\"en-GB\",\"potentialAction\":[{\"@type\":\"ReadAction\",\"target\":[\"https:\/\/lacasucadelgorbea.com\/\"]}]},{\"@type\":\"BreadcrumbList\",\"@id\":\"https:\/\/lacasucadelgorbea.com\/#breadcrumb\",\"itemListElement\":[{\"@type\":\"ListItem\",\"position\":1,\"name\":\"Portada\",\"item\":\"https:\/\/lacasucadelgorbea.com\/\"},{\"@type\":\"ListItem\",\"position\":2,\"name\":\"Obras\"}]},{\"@type\":\"WebSite\",\"@id\":\"https:\/\/lacasucadelgorbea.com\/#website\",\"url\":\"https:\/\/lacasucadelgorbea.com\/\",\"name\":\"La Casuca del Gorbea\",\"description\":\"Restaurante en Torrelavega. Cocina de temporada. Especialidad en bacalao\",\"publisher\":{\"@id\":\"https:\/\/lacasucadelgorbea.com\/#organization\"},\"potentialAction\":[{\"@type\":\"SearchAction\",\"target\":{\"@type\":\"EntryPoint\",\"urlTemplate\":\"https:\/\/lacasucadelgorbea.com\/?s={search_term_string}\"},\"query-input\":\"required name=search_term_string\"}],\"inLanguage\":\"en-GB\"},{\"@type\":\"Organization\",\"@id\":\"https:\/\/lacasucadelgorbea.com\/#organization\",\"name\":\"La Casuca del Gorbea\",\"url\":\"https:\/\/lacasucadelgorbea.com\/\",\"logo\":{\"@type\":\"ImageObject\",\"inLanguage\":\"en-GB\",\"@id\":\"https:\/\/lacasucadelgorbea.com\/#\/schema\/logo\/image\/\",\"url\":\"http:\/\/lacasucadelgorbea.com\/wp-content\/uploads\/2024\/02\/cropped-Diseno-sin-titulo-4.png\",\"contentUrl\":\"http:\/\/lacasucadelgorbea.com\/wp-content\/uploads\/2024\/02\/cropped-Diseno-sin-titulo-4.png\",\"width\":512,\"height\":512,\"caption\":\"La Casuca del Gorbea\"},\"image\":{\"@id\":\"https:\/\/lacasucadelgorbea.com\/#\/schema\/logo\/image\/\"},\"sameAs\":[\"https:\/\/www.facebook.com\/gorbearestaurantehoteleltejo\",\"https:\/\/www.instagram.com\/lacasucadelgorbea\/\"]}]}<\/script>\n<!-- \/ Yoast SEO plugin. -->","yoast_head_json":{"title":"Obras - La Casuca del Gorbea","robots":{"index":"index","follow":"follow","max-snippet":"max-snippet:-1","max-image-preview":"max-image-preview:large","max-video-preview":"max-video-preview:-1"},"canonical":"https:\/\/lacasucadelgorbea.com\/en\/","og_locale":"en_GB","og_type":"article","og_title":"Obras - La Casuca del Gorbea","og_description":"Direcci\u00f3n C. San Jos\u00e9, 21, bajo, 39300 TorrelavegaTEL\u00c9FONO 942 80 40 83","og_url":"https:\/\/lacasucadelgorbea.com\/en\/","og_site_name":"La Casuca del Gorbea","article_publisher":"https:\/\/www.facebook.com\/gorbearestaurantehoteleltejo","article_modified_time":"2025-09-18T14:47:49+00:00","twitter_card":"summary_large_image","schema":{"@context":"https:\/\/schema.org","@graph":[{"@type":"WebPage","@id":"https:\/\/lacasucadelgorbea.com\/","url":"https:\/\/lacasucadelgorbea.com\/","name":"Obras - La Casuca del Gorbea","isPartOf":{"@id":"https:\/\/lacasucadelgorbea.com\/#website"},"datePublished":"2025-09-15T10:55:42+00:00","dateModified":"2025-09-18T14:47:49+00:00","breadcrumb":{"@id":"https:\/\/lacasucadelgorbea.com\/#breadcrumb"},"inLanguage":"en-GB","potentialAction":[{"@type":"ReadAction","target":["https:\/\/lacasucadelgorbea.com\/"]}]},{"@type":"BreadcrumbList","@id":"https:\/\/lacasucadelgorbea.com\/#breadcrumb","itemListElement":[{"@type":"ListItem","position":1,"name":"Portada","item":"https:\/\/lacasucadelgorbea.com\/"},{"@type":"ListItem","position":2,"name":"Obras"}]},{"@type":"WebSite","@id":"https:\/\/lacasucadelgorbea.com\/#website","url":"https:\/\/lacasucadelgorbea.com\/","name":"La Casuca del Gorbea","description":"Restaurante en Torrelavega. Cocina de temporada. Especialidad en bacalao","publisher":{"@id":"https:\/\/lacasucadelgorbea.com\/#organization"},"potentialAction":[{"@type":"SearchAction","target":{"@type":"EntryPoint","urlTemplate":"https:\/\/lacasucadelgorbea.com\/?s={search_term_string}"},"query-input":"required name=search_term_string"}],"inLanguage":"en-GB"},{"@type":"Organization","@id":"https:\/\/lacasucadelgorbea.com\/#organization","name":"La Casuca del Gorbea","url":"https:\/\/lacasucadelgorbea.com\/","logo":{"@type":"ImageObject","inLanguage":"en-GB","@id":"https:\/\/lacasucadelgorbea.com\/#\/schema\/logo\/image\/","url":"http:\/\/lacasucadelgorbea.com\/wp-content\/uploads\/2024\/02\/cropped-Diseno-sin-titulo-4.png","contentUrl":"http:\/\/lacasucadelgorbea.com\/wp-content\/uploads\/2024\/02\/cropped-Diseno-sin-titulo-4.png","width":512,"height":512,"caption":"La Casuca del Gorbea"},"image":{"@id":"https:\/\/lacasucadelgorbea.com\/#\/schema\/logo\/image\/"},"sameAs":["https:\/\/www.facebook.com\/gorbearestaurantehoteleltejo","https:\/\/www.instagram.com\/lacasucadelgorbea\/"]}]}},"_links":{"self":[{"href":"https:\/\/lacasucadelgorbea.com\/en\/wp-json\/wp\/v2\/pages\/2188","targetHints":{"allow":["GET"]}}],"collection":[{"href":"https:\/\/lacasucadelgorbea.com\/en\/wp-json\/wp\/v2\/pages"}],"about":[{"href":"https:\/\/lacasucadelgorbea.com\/en\/wp-json\/wp\/v2\/types\/page"}],"author":[{"embeddable":true,"href":"https:\/\/lacasucadelgorbea.com\/en\/wp-json\/wp\/v2\/users\/1"}],"replies":[{"embeddable":true,"href":"https:\/\/lacasucadelgorbea.com\/en\/wp-json\/wp\/v2\/comments?post=2188"}],"version-history":[{"count":4,"href":"https:\/\/lacasucadelgorbea.com\/en\/wp-json\/wp\/v2\/pages\/2188\/revisions"}],"predecessor-version":[{"id":2203,"href":"https:\/\/lacasucadelgorbea.com\/en\/wp-json\/wp\/v2\/pages\/2188\/revisions\/2203"}],"wp:attachment":[{"href":"https:\/\/lacasucadelgorbea.com\/en\/wp-json\/wp\/v2\/media?parent=2188"}],"curies":[{"name":"wp","href":"https:\/\/api.w.org\/{rel}","templated":true}]}}